{"id":5024,"date":"2018-08-22T08:50:17","date_gmt":"2018-08-22T06:50:17","guid":{"rendered":"https:\/\/www.minimalith.com\/datenschutzrichtlinie\/"},"modified":"2024-10-21T22:47:35","modified_gmt":"2024-10-21T20:47:35","slug":"datenschutzrichtlinie","status":"publish","type":"page","link":"https:\/\/www.minimalith.com\/de\/datenschutzrichtlinie\/","title":{"rendered":"Datenschutzrichtlinie"},"content":{"rendered":"\t\t<div data-elementor-type=\"wp-page\" data-elementor-id=\"5024\" class=\"elementor elementor-5024 elementor-3392\">\n\t\t\t\t<div class=\"elementor-element elementor-element-5726619f e-flex e-con-boxed e-con e-parent\" data-id=\"5726619f\" data-element_type=\"container\">\n\t\t\t\t\t<div class=\"e-con-inner\">\n\t\t\t\t<div class=\"elementor-element elementor-element-6a9c38ac elementor-widget elementor-widget-text-editor\" data-id=\"6a9c38ac\" data-element_type=\"widget\" data-widget_type=\"text-editor.default\">\n\t\t\t\t<div class=\"elementor-widget-container\">\n\t\t\t\t\t\t\t\t\t<h3><strong>Willkommen bei Minimalith.<\/strong><\/h3>\n<p>Ihre Privatsph\u00e4re ist f\u00fcr uns von gr\u00f6\u00dfter Bedeutung. Diese Datenschutzrichtlinie beschreibt, wie wir Ihre personenbezogenen Daten erfassen, verwenden und sch\u00fctzen, wenn Sie <a href=\"https:\/\/www.minimalith.com\/de\/\"><strong>www.minimalith.com<\/strong><\/a> besuchen oder einen Kauf t\u00e4tigen. <\/p>\n<h4><strong>Informationen, die wir sammeln<\/strong><\/h4>\n<p>Wenn Sie unsere Website besuchen, erfassen wir automatisch bestimmte Informationen \u00fcber Ihr Ger\u00e4t, einschlie\u00dflich Informationen \u00fcber Ihren Webbrowser, Ihre IP-Adresse, Ihre Zeitzone und einige der auf Ihrem Ger\u00e4t installierten Cookies. Dar\u00fcber hinaus erfassen wir beim Surfen auf der Website Informationen \u00fcber die einzelnen Webseiten oder Produkte, die Sie anzeigen, sowie Informationen dar\u00fcber, wie Sie mit der Website interagieren. <\/p>\n<h4><strong>Ger\u00e4teschrift<\/strong><\/h4>\n<p>Dazu geh\u00f6ren technische Daten in Bezug auf Ihr Ger\u00e4t und Ihre Internetverbindung.<br \/>&#8211; <strong>Bestellinformationen<\/strong>: Wenn Sie einen Kauf t\u00e4tigen oder versuchen, einen Kauf zu t\u00e4tigen, erfassen wir Informationen wie Ihren Namen, Ihre Rechnungsadresse, Ihre Lieferadresse, Ihre Zahlungsdaten (z. B. Kreditkartennummer) und Ihre E-Mail-Adresse.<\/p>\n<h4><strong>Wie wir Ihre Informationen verwenden<\/strong><\/h4>\n<p>Wir verwenden die von uns gesammelten Informationen, um unsere Dienstleistungen bereitzustellen, einschlie\u00dflich:<br \/>&#8211; Bearbeitung Ihrer Bestellungen und Verwaltung der Produktlieferung;<br \/>&#8211; Kommunikation mit Ihnen f\u00fcr Kundensupport oder Bestellaktualisierungen;<br \/>&#8211; Personalisierung und Verbesserung Ihrer Erfahrung auf unserer Website;<br \/>&#8211; Gew\u00e4hrleistung der Sicherheit unserer Website und Verhinderung von Betrug.<\/p>\n<p>Wir teilen, verkaufen oder verteilen Ihre personenbezogenen Daten nicht an Dritte. Die gesammelten Informationen werden ausschlie\u00dflich f\u00fcr die Zwecke verwendet, die f\u00fcr die Verwaltung unserer Website und unserer Dienste erforderlich sind. <\/p>\n<h4><strong>Cookies<\/strong><\/h4>\n<p>Unsere Website verwendet Cookies, um Ihr Surferlebnis zu verbessern. Cookies sind kleine Textdateien, die auf Ihrem Ger\u00e4t gespeichert werden und uns helfen, Ihre Pr\u00e4ferenzen zu erkennen und unsere Dienstleistungen zu verbessern. Sie k\u00f6nnen Ihre Cookie-Einstellungen in Ihren Browsereinstellungen verwalten.  <\/p>\n<h4><strong>Rechte der Nutzer<\/strong><\/h4>\n<p>Wenn Sie in Europa ans\u00e4ssig sind, haben Sie das Recht, auf die personenbezogenen Daten, die wir \u00fcber Sie gespeichert haben, zuzugreifen und Korrekturen, Aktualisierungen oder L\u00f6schungen dieser Daten zu verlangen. Wenn Sie von diesem Recht Gebrauch machen m\u00f6chten, kontaktieren Sie uns bitte \u00fcber die unten angegebenen Kontaktinformationen. <\/p>\n<p>Wenn Sie in Europa ans\u00e4ssig sind, weisen wir au\u00dferdem darauf hin, dass wir Ihre Daten verarbeiten, um Vertr\u00e4ge zu erf\u00fcllen, die wir m\u00f6glicherweise mit Ihnen haben (z. B. wenn Sie eine Bestellung \u00fcber die Website aufgeben) oder um anderweitig unsere berechtigten Gesch\u00e4ftsinteressen zu verfolgen.<\/p>\n<h4><strong>Vorratsdatenspeicherung<\/strong><\/h4>\n<p>Wir bewahren Ihre personenbezogenen Daten so lange auf, wie es zur Erf\u00fcllung der Zwecke, f\u00fcr die sie erhoben wurden, erforderlich ist, einschlie\u00dflich f\u00fcr rechtliche und buchhalterische Zwecke. Sie k\u00f6nnen die L\u00f6schung Ihrer personenbezogenen Daten beantragen, indem Sie sich mit uns in Verbindung setzen. <\/p>\n<h4><strong>Datensicherheit<\/strong><\/h4>\n<p>Wir ergreifen angemessene Sicherheitsma\u00dfnahmen, um Ihre personenbezogenen Daten vor unbefugtem Zugriff, Offenlegung, \u00c4nderung oder Zerst\u00f6rung zu sch\u00fctzen. Keine Methode der \u00dcbertragung \u00fcber das Internet oder der elektronischen Speicherung ist jedoch vollst\u00e4ndig sicher, und wir k\u00f6nnen keine absolute Sicherheit garantieren. <\/p>\n<h4><strong>\u00c4nderungen an dieser Datenschutzrichtlinie<\/strong><\/h4>\n<p>Wir behalten uns das Recht vor, diese Datenschutzrichtlinie von Zeit zu Zeit zu aktualisieren, um \u00c4nderungen an unseren Praktiken widerzuspiegeln oder aus anderen betrieblichen, rechtlichen oder beh\u00f6rdlichen Gr\u00fcnden. Wir empfehlen Ihnen, diese Seite regelm\u00e4\u00dfig auf Aktualisierungen zu \u00fcberpr\u00fcfen. <\/p>\n<h4><strong>Kontakt<\/strong><\/h4>\n<p>Wenn Sie Fragen zu dieser Datenschutzrichtlinie haben oder eines Ihrer Rechte aus\u00fcben m\u00f6chten, kontaktieren Sie uns bitte per E-Mail unter <a href=\"mailto:info@minimalith.com\">info@minimalith.com<\/a>.<\/p>\n\t\t\t\t\t\t\t\t<\/div>\n\t\t\t\t<\/div>\n\t\t\t\t\t<\/div>\n\t\t\t\t<\/div>\n\t\t\t\t<\/div>\n\t\t","protected":false},"excerpt":{"rendered":"<p>Willkommen bei Minimalith. Ihre Privatsph\u00e4re ist f\u00fcr uns von gr\u00f6\u00dfter Bedeutung. Diese Datenschutzrichtlinie beschreibt, wie wir Ihre personenbezogenen Daten erfassen, verwenden und sch\u00fctzen, wenn Sie www.minimalith.com besuchen oder einen Kauf&hellip;<\/p>\n","protected":false},"author":1,"featured_media":0,"parent":0,"menu_order":0,"comment_status":"closed","ping_status":"closed","template":"","meta":{"footnotes":""},"class_list":["post-5024","page","type-page","status-publish","hentry"],"yoast_head":"<!-- This site is optimized with the Yoast SEO plugin v26.4 - https:\/\/yoast.com\/wordpress\/plugins\/seo\/ -->\n<title>Datenschutzrichtlinie - minimalith<\/title>\n<meta name=\"robots\" content=\"index, follow, max-snippet:-1, max-image-preview:large, max-video-preview:-1\" \/>\n<link rel=\"canonical\" href=\"https:\/\/www.minimalith.com\/de\/datenschutzrichtlinie\/\" \/>\n<meta property=\"og:locale\" content=\"de_DE\" \/>\n<meta property=\"og:type\" content=\"article\" \/>\n<meta property=\"og:title\" content=\"Datenschutzrichtlinie - minimalith\" \/>\n<meta property=\"og:description\" content=\"Willkommen bei Minimalith. Ihre Privatsph\u00e4re ist f\u00fcr uns von gr\u00f6\u00dfter Bedeutung. Diese Datenschutzrichtlinie beschreibt, wie wir Ihre personenbezogenen Daten erfassen, verwenden und sch\u00fctzen, wenn Sie www.minimalith.com besuchen oder einen Kauf&hellip;\" \/>\n<meta property=\"og:url\" content=\"https:\/\/www.minimalith.com\/de\/datenschutzrichtlinie\/\" \/>\n<meta property=\"og:site_name\" content=\"minimalith\" \/>\n<meta property=\"article:modified_time\" content=\"2024-10-21T20:47:35+00:00\" \/>\n<meta property=\"og:image\" content=\"https:\/\/www.minimalith.com\/wp-content\/uploads\/2024\/10\/we-are-minimalith-preview.webp\" \/>\n\t<meta property=\"og:image:width\" content=\"1920\" \/>\n\t<meta property=\"og:image:height\" content=\"750\" \/>\n\t<meta property=\"og:image:type\" content=\"image\/webp\" \/>\n<meta name=\"twitter:card\" content=\"summary_large_image\" \/>\n<meta name=\"twitter:label1\" content=\"Gesch\u00e4tzte Lesezeit\" \/>\n\t<meta name=\"twitter:data1\" content=\"3\u00a0Minuten\" \/>\n<script type=\"application\/ld+json\" class=\"yoast-schema-graph\">{\"@context\":\"https:\/\/schema.org\",\"@graph\":[{\"@type\":\"WebPage\",\"@id\":\"https:\/\/www.minimalith.com\/de\/datenschutzrichtlinie\/\",\"url\":\"https:\/\/www.minimalith.com\/de\/datenschutzrichtlinie\/\",\"name\":\"Datenschutzrichtlinie - minimalith\",\"isPartOf\":{\"@id\":\"https:\/\/www.minimalith.com\/de\/#website\"},\"datePublished\":\"2018-08-22T06:50:17+00:00\",\"dateModified\":\"2024-10-21T20:47:35+00:00\",\"breadcrumb\":{\"@id\":\"https:\/\/www.minimalith.com\/de\/datenschutzrichtlinie\/#breadcrumb\"},\"inLanguage\":\"de\",\"potentialAction\":[{\"@type\":\"ReadAction\",\"target\":[\"https:\/\/www.minimalith.com\/de\/datenschutzrichtlinie\/\"]}]},{\"@type\":\"BreadcrumbList\",\"@id\":\"https:\/\/www.minimalith.com\/de\/datenschutzrichtlinie\/#breadcrumb\",\"itemListElement\":[{\"@type\":\"ListItem\",\"position\":1,\"name\":\"Home\",\"item\":\"https:\/\/www.minimalith.com\/de\/\"},{\"@type\":\"ListItem\",\"position\":2,\"name\":\"Datenschutzrichtlinie\"}]},{\"@type\":\"WebSite\",\"@id\":\"https:\/\/www.minimalith.com\/de\/#website\",\"url\":\"https:\/\/www.minimalith.com\/de\/\",\"name\":\"MINIMALITH\",\"description\":\"Minimalism to inspire your spaces\",\"publisher\":{\"@id\":\"https:\/\/www.minimalith.com\/de\/#organization\"},\"alternateName\":\"MINIMALITH\",\"potentialAction\":[{\"@type\":\"SearchAction\",\"target\":{\"@type\":\"EntryPoint\",\"urlTemplate\":\"https:\/\/www.minimalith.com\/de\/?s={search_term_string}\"},\"query-input\":{\"@type\":\"PropertyValueSpecification\",\"valueRequired\":true,\"valueName\":\"search_term_string\"}}],\"inLanguage\":\"de\"},{\"@type\":\"Organization\",\"@id\":\"https:\/\/www.minimalith.com\/de\/#organization\",\"name\":\"MINIMALITH\",\"url\":\"https:\/\/www.minimalith.com\/de\/\",\"logo\":{\"@type\":\"ImageObject\",\"inLanguage\":\"de\",\"@id\":\"https:\/\/www.minimalith.com\/de\/#\/schema\/logo\/image\/\",\"url\":\"https:\/\/www.minimalith.com\/wp-content\/uploads\/2024\/10\/we-are-minimalith-preview.webp\",\"contentUrl\":\"https:\/\/www.minimalith.com\/wp-content\/uploads\/2024\/10\/we-are-minimalith-preview.webp\",\"width\":1920,\"height\":750,\"caption\":\"MINIMALITH\"},\"image\":{\"@id\":\"https:\/\/www.minimalith.com\/de\/#\/schema\/logo\/image\/\"}}]}<\/script>\n<!-- \/ Yoast SEO plugin. -->","yoast_head_json":{"title":"Datenschutzrichtlinie - minimalith","robots":{"index":"index","follow":"follow","max-snippet":"max-snippet:-1","max-image-preview":"max-image-preview:large","max-video-preview":"max-video-preview:-1"},"canonical":"https:\/\/www.minimalith.com\/de\/datenschutzrichtlinie\/","og_locale":"de_DE","og_type":"article","og_title":"Datenschutzrichtlinie - minimalith","og_description":"Willkommen bei Minimalith. Ihre Privatsph\u00e4re ist f\u00fcr uns von gr\u00f6\u00dfter Bedeutung. Diese Datenschutzrichtlinie beschreibt, wie wir Ihre personenbezogenen Daten erfassen, verwenden und sch\u00fctzen, wenn Sie www.minimalith.com besuchen oder einen Kauf&hellip;","og_url":"https:\/\/www.minimalith.com\/de\/datenschutzrichtlinie\/","og_site_name":"minimalith","article_modified_time":"2024-10-21T20:47:35+00:00","og_image":[{"width":1920,"height":750,"url":"https:\/\/www.minimalith.com\/wp-content\/uploads\/2024\/10\/we-are-minimalith-preview.webp","type":"image\/webp"}],"twitter_card":"summary_large_image","twitter_misc":{"Gesch\u00e4tzte Lesezeit":"3\u00a0Minuten"},"schema":{"@context":"https:\/\/schema.org","@graph":[{"@type":"WebPage","@id":"https:\/\/www.minimalith.com\/de\/datenschutzrichtlinie\/","url":"https:\/\/www.minimalith.com\/de\/datenschutzrichtlinie\/","name":"Datenschutzrichtlinie - minimalith","isPartOf":{"@id":"https:\/\/www.minimalith.com\/de\/#website"},"datePublished":"2018-08-22T06:50:17+00:00","dateModified":"2024-10-21T20:47:35+00:00","breadcrumb":{"@id":"https:\/\/www.minimalith.com\/de\/datenschutzrichtlinie\/#breadcrumb"},"inLanguage":"de","potentialAction":[{"@type":"ReadAction","target":["https:\/\/www.minimalith.com\/de\/datenschutzrichtlinie\/"]}]},{"@type":"BreadcrumbList","@id":"https:\/\/www.minimalith.com\/de\/datenschutzrichtlinie\/#breadcrumb","itemListElement":[{"@type":"ListItem","position":1,"name":"Home","item":"https:\/\/www.minimalith.com\/de\/"},{"@type":"ListItem","position":2,"name":"Datenschutzrichtlinie"}]},{"@type":"WebSite","@id":"https:\/\/www.minimalith.com\/de\/#website","url":"https:\/\/www.minimalith.com\/de\/","name":"MINIMALITH","description":"Minimalism to inspire your spaces","publisher":{"@id":"https:\/\/www.minimalith.com\/de\/#organization"},"alternateName":"MINIMALITH","potentialAction":[{"@type":"SearchAction","target":{"@type":"EntryPoint","urlTemplate":"https:\/\/www.minimalith.com\/de\/?s={search_term_string}"},"query-input":{"@type":"PropertyValueSpecification","valueRequired":true,"valueName":"search_term_string"}}],"inLanguage":"de"},{"@type":"Organization","@id":"https:\/\/www.minimalith.com\/de\/#organization","name":"MINIMALITH","url":"https:\/\/www.minimalith.com\/de\/","logo":{"@type":"ImageObject","inLanguage":"de","@id":"https:\/\/www.minimalith.com\/de\/#\/schema\/logo\/image\/","url":"https:\/\/www.minimalith.com\/wp-content\/uploads\/2024\/10\/we-are-minimalith-preview.webp","contentUrl":"https:\/\/www.minimalith.com\/wp-content\/uploads\/2024\/10\/we-are-minimalith-preview.webp","width":1920,"height":750,"caption":"MINIMALITH"},"image":{"@id":"https:\/\/www.minimalith.com\/de\/#\/schema\/logo\/image\/"}}]}},"jetpack_sharing_enabled":true,"_links":{"self":[{"href":"https:\/\/www.minimalith.com\/de\/wp-json\/wp\/v2\/pages\/5024","targetHints":{"allow":["GET"]}}],"collection":[{"href":"https:\/\/www.minimalith.com\/de\/wp-json\/wp\/v2\/pages"}],"about":[{"href":"https:\/\/www.minimalith.com\/de\/wp-json\/wp\/v2\/types\/page"}],"author":[{"embeddable":true,"href":"https:\/\/www.minimalith.com\/de\/wp-json\/wp\/v2\/users\/1"}],"replies":[{"embeddable":true,"href":"https:\/\/www.minimalith.com\/de\/wp-json\/wp\/v2\/comments?post=5024"}],"version-history":[{"count":0,"href":"https:\/\/www.minimalith.com\/de\/wp-json\/wp\/v2\/pages\/5024\/revisions"}],"wp:attachment":[{"href":"https:\/\/www.minimalith.com\/de\/wp-json\/wp\/v2\/media?parent=5024"}],"curies":[{"name":"wp","href":"https:\/\/api.w.org\/{rel}","templated":true}]}}