{"id":4924,"date":"2024-09-26T01:18:48","date_gmt":"2024-09-25T23:18:48","guid":{"rendered":"https:\/\/www.minimalith.com\/unkategorisiert\/minimalistisches-krippenset-aus-holz\/"},"modified":"2025-10-22T22:49:00","modified_gmt":"2025-10-22T20:49:00","slug":"minimalistisches-krippenset-aus-holz","status":"publish","type":"product","link":"https:\/\/www.minimalith.com\/de\/minimalistisches-handgefertigtes-produkt\/minimalistisches-krippenset-aus-holz\/","title":{"rendered":"Minimalistisches Krippenset aus Holz"},"content":{"rendered":"\t\t<div data-elementor-type=\"wp-post\" data-elementor-id=\"4924\" class=\"elementor elementor-4924 elementor-3298\">\n\t\t\t\t<div class=\"elementor-element elementor-element-6c8fb33e e-flex e-con-boxed e-con e-parent\" data-id=\"6c8fb33e\" data-element_type=\"container\">\n\t\t\t\t\t<div class=\"e-con-inner\">\n\t\t\t\t<div class=\"elementor-element elementor-element-3ae828b1 elementor-widget elementor-widget-text-editor\" data-id=\"3ae828b1\" data-element_type=\"widget\" data-widget_type=\"text-editor.default\">\n\t\t\t\t<div class=\"elementor-widget-container\">\n\t\t\t\t\t\t\t\t\t<p>Das <strong>Minimal Krippenset<\/strong> ist eine <strong>moderne Interpretation<\/strong> der traditionellen <strong>Krippe<\/strong>, die nicht nur als <strong>Weihnachtsdekoration<\/strong> , sondern auch als <strong>Designst\u00fcck<\/strong> konzipiert ist, um Ihr <strong>Zuhause<\/strong> das ganze Jahr \u00fcber zu bereichern. Hergestellt aus <strong>hochwertigen Materialien<\/strong> wie <strong>Nussbaum, Daniela<\/strong> und <strong>Tulpenholz<\/strong>, zeichnet sich jedes St\u00fcck durch <strong>klare Linien<\/strong> aus, die eine Atmosph\u00e4re der <strong>Gelassenheit<\/strong> und <strong>Eleganz<\/strong> schaffen, perfekt f\u00fcr Liebhaber <strong>minimalistischer Innenarchitektur<\/strong>. <\/p>\n<p>Die <strong>stilisierten Figuren<\/strong> der Geburt Christi sind mit einem <strong>Satinlack<\/strong> behandelt, der so formuliert ist, dass er die <strong>Zeit \u00fcberdauert<\/strong> und die <strong>nat\u00fcrliche Sch\u00f6nheit<\/strong> des Holzes bewahrt. Jedes St\u00fcck wird mit Sorgfalt <strong>in Handarbeit gefertigt<\/strong> , was es <strong>zu einem Unikat<\/strong> macht, mit leichten <strong>Unregelm\u00e4\u00dfigkeiten<\/strong> , die f\u00fcr <strong>Naturholz<\/strong> typisch sind und seine <strong>Authentizit\u00e4t<\/strong> und <strong>seinen Charakter<\/strong> unterstreichen. <\/p>\n<p>Perfekt als <strong>Dekoration<\/strong> oder <strong>Designgeschenk<\/strong>, schafft diese <strong>minimalistische Krippe<\/strong> ein Gleichgewicht zwischen <strong>Tradition<\/strong> und <strong>Moderne<\/strong> und bringt einen <strong>raffinierten<\/strong> und <strong>nachhaltigen Stil<\/strong> in Ihr Zuhause.<\/p>\n\t\t\t\t\t\t\t\t<\/div>\n\t\t\t\t<\/div>\n\t\t\t\t\t<\/div>\n\t\t\t\t<\/div>\n\t\t<div class=\"elementor-element elementor-element-b08d156 e-flex e-con-boxed e-con e-parent\" data-id=\"b08d156\" data-element_type=\"container\">\n\t\t\t\t\t<div class=\"e-con-inner\">\n\t\t\t\t<div class=\"elementor-element elementor-element-b388ce0 elementor-widget elementor-widget-video\" data-id=\"b388ce0\" data-element_type=\"widget\" data-settings=\"{&quot;youtube_url&quot;:&quot;https:\\\/\\\/youtu.be\\\/1vjCH2LccZw&quot;,&quot;lazy_load&quot;:&quot;yes&quot;,&quot;show_image_overlay&quot;:&quot;yes&quot;,&quot;image_overlay&quot;:{&quot;url&quot;:&quot;https:\\\/\\\/www.minimalith.com\\\/wp-content\\\/uploads\\\/2024\\\/09\\\/minimalith-preview-video.webp&quot;,&quot;id&quot;:5128,&quot;size&quot;:&quot;&quot;,&quot;alt&quot;:&quot;&quot;,&quot;source&quot;:&quot;library&quot;},&quot;loop&quot;:&quot;yes&quot;,&quot;video_type&quot;:&quot;youtube&quot;,&quot;controls&quot;:&quot;yes&quot;}\" data-widget_type=\"video.default\">\n\t\t\t\t<div class=\"elementor-widget-container\">\n\t\t\t\t\t\t\t<div class=\"elementor-wrapper elementor-open-inline\">\n\t\t\t<div class=\"elementor-video\"><\/div>\t\t\t\t<div class=\"elementor-custom-embed-image-overlay\" style=\"background-image: url(https:\/\/www.minimalith.com\/wp-content\/uploads\/2024\/09\/minimalith-preview-video.webp);\">\n\t\t\t\t\t\t\t\t\t\t\t\t\t\t\t\t<div class=\"elementor-custom-embed-play\" role=\"button\" aria-label=\"Video abspielen\" tabindex=\"0\">\n\t\t\t\t\t\t\t<svg aria-hidden=\"true\" class=\"e-font-icon-svg e-eicon-play\" viewBox=\"0 0 1000 1000\" xmlns=\"http:\/\/www.w3.org\/2000\/svg\"><path d=\"M838 162C746 71 633 25 500 25 371 25 258 71 163 162 71 254 25 367 25 500 25 633 71 746 163 837 254 929 367 979 500 979 633 979 746 933 838 837 929 746 975 633 975 500 975 367 929 254 838 162M808 192C892 279 933 379 933 500 933 621 892 725 808 808 725 892 621 938 500 938 379 938 279 896 196 808 113 725 67 621 67 500 67 379 108 279 196 192 279 108 383 62 500 62 621 62 721 108 808 192M438 392V642L642 517 438 392Z\"><\/path><\/svg>\t\t\t\t\t\t<\/div>\n\t\t\t\t\t\t\t\t\t<\/div>\n\t\t\t\t\t<\/div>\n\t\t\t\t\t\t<\/div>\n\t\t\t\t<\/div>\n\t\t\t\t\t<\/div>\n\t\t\t\t<\/div>\n\t\t\t\t<\/div>\n\t\t","protected":false},"excerpt":{"rendered":"<p>Das minimalistische Krippenset ist eine moderne Interpretation der Krippe und eignet sich perfekt f\u00fcr die ganzj\u00e4hrige Dekoration. Handgefertigt aus Nussbaum-Daniela und Tulpenholz, ist jedes Unikat f\u00fcr dauerhafte Qualit\u00e4t satiniert und zeigt die nat\u00fcrliche Sch\u00f6nheit des Holzes. Elegant und nachhaltig verbindet es Tradition mit modernem Design.  <\/p>\n","protected":false},"featured_media":5262,"comment_status":"open","ping_status":"closed","template":"","meta":[],"product_brand":[],"product_cat":[226],"product_tag":[336,332,334,331,338,335,333,337],"class_list":{"0":"post-4924","1":"product","2":"type-product","3":"status-publish","4":"has-post-thumbnail","6":"product_cat-minimalistisches-handgefertigtes-produkt","7":"product_tag-einfache-krippe","8":"product_tag-handgefertigte-krippe","9":"product_tag-krippe-aus-holz","10":"product_tag-minimale-krippe","11":"product_tag-minimale-wohnkultur","12":"product_tag-minimalistische-weihnachtsdekoration","13":"product_tag-moderne-krippe","14":"product_tag-weihnachten-minimalistisches-dekor","16":"first","17":"onbackorder","18":"purchasable","19":"product-type-variable"},"yoast_head":"<!-- This site is optimized with the Yoast SEO plugin v26.4 - https:\/\/yoast.com\/wordpress\/plugins\/seo\/ -->\n<title>Minimalistische h\u00f6lzerne Krippe Set | Handgefertigte Weihnachtsdekoration<\/title>\n<meta name=\"description\" content=\"Werten Sie Ihre Weihnachtsdekoration mit unserer minimalistischen Holzkrippe auf. Mit Sorgfalt handgefertigt, eignet es sich perfekt f\u00fcr moderne, zeitlose Weihnachtsdekorationen\" \/>\n<meta name=\"robots\" content=\"index, follow, max-snippet:-1, max-image-preview:large, max-video-preview:-1\" \/>\n<link rel=\"canonical\" href=\"https:\/\/www.minimalith.com\/de\/minimalistisches-handgefertigtes-produkt\/minimalistisches-krippenset-aus-holz\/\" \/>\n<meta property=\"og:locale\" content=\"de_DE\" \/>\n<meta property=\"og:type\" content=\"article\" \/>\n<meta property=\"og:title\" content=\"Minimalistische h\u00f6lzerne Krippe Set | Handgefertigte Weihnachtsdekoration\" \/>\n<meta property=\"og:description\" content=\"Werten Sie Ihre Weihnachtsdekoration mit unserer minimalistischen Holzkrippe auf. Mit Sorgfalt handgefertigt, eignet es sich perfekt f\u00fcr moderne, zeitlose Weihnachtsdekorationen\" \/>\n<meta property=\"og:url\" content=\"https:\/\/www.minimalith.com\/de\/minimalistisches-handgefertigtes-produkt\/minimalistisches-krippenset-aus-holz\/\" \/>\n<meta property=\"og:site_name\" content=\"minimalith\" \/>\n<meta property=\"article:modified_time\" content=\"2025-10-22T20:49:00+00:00\" \/>\n<meta property=\"og:image\" content=\"https:\/\/www.minimalith.com\/wp-content\/uploads\/2024\/10\/minimal-nativity-set-dark.webp\" \/>\n\t<meta property=\"og:image:width\" content=\"1400\" \/>\n\t<meta property=\"og:image:height\" content=\"1600\" \/>\n\t<meta property=\"og:image:type\" content=\"image\/webp\" \/>\n<meta name=\"twitter:card\" content=\"summary_large_image\" \/>\n<meta name=\"twitter:label1\" content=\"Gesch\u00e4tzte Lesezeit\" \/>\n\t<meta name=\"twitter:data1\" content=\"1\u00a0Minute\" \/>\n<script type=\"application\/ld+json\" class=\"yoast-schema-graph\">{\"@context\":\"https:\/\/schema.org\",\"@graph\":[{\"@type\":\"WebPage\",\"@id\":\"https:\/\/www.minimalith.com\/de\/minimalistisches-handgefertigtes-produkt\/minimalistisches-krippenset-aus-holz\/\",\"url\":\"https:\/\/www.minimalith.com\/de\/minimalistisches-handgefertigtes-produkt\/minimalistisches-krippenset-aus-holz\/\",\"name\":\"Minimalistische h\u00f6lzerne Krippe Set | Handgefertigte Weihnachtsdekoration\",\"isPartOf\":{\"@id\":\"https:\/\/www.minimalith.com\/de\/#website\"},\"primaryImageOfPage\":{\"@id\":\"https:\/\/www.minimalith.com\/de\/minimalistisches-handgefertigtes-produkt\/minimalistisches-krippenset-aus-holz\/#primaryimage\"},\"image\":{\"@id\":\"https:\/\/www.minimalith.com\/de\/minimalistisches-handgefertigtes-produkt\/minimalistisches-krippenset-aus-holz\/#primaryimage\"},\"thumbnailUrl\":\"https:\/\/www.minimalith.com\/wp-content\/uploads\/2024\/10\/minimal-nativity-set-dark.webp\",\"datePublished\":\"2024-09-25T23:18:48+00:00\",\"dateModified\":\"2025-10-22T20:49:00+00:00\",\"description\":\"Werten Sie Ihre Weihnachtsdekoration mit unserer minimalistischen Holzkrippe auf. Mit Sorgfalt handgefertigt, eignet es sich perfekt f\u00fcr moderne, zeitlose Weihnachtsdekorationen\",\"breadcrumb\":{\"@id\":\"https:\/\/www.minimalith.com\/de\/minimalistisches-handgefertigtes-produkt\/minimalistisches-krippenset-aus-holz\/#breadcrumb\"},\"inLanguage\":\"de\",\"potentialAction\":[{\"@type\":\"ReadAction\",\"target\":[\"https:\/\/www.minimalith.com\/de\/minimalistisches-handgefertigtes-produkt\/minimalistisches-krippenset-aus-holz\/\"]}]},{\"@type\":\"ImageObject\",\"inLanguage\":\"de\",\"@id\":\"https:\/\/www.minimalith.com\/de\/minimalistisches-handgefertigtes-produkt\/minimalistisches-krippenset-aus-holz\/#primaryimage\",\"url\":\"https:\/\/www.minimalith.com\/wp-content\/uploads\/2024\/10\/minimal-nativity-set-dark.webp\",\"contentUrl\":\"https:\/\/www.minimalith.com\/wp-content\/uploads\/2024\/10\/minimal-nativity-set-dark.webp\",\"width\":1400,\"height\":1600,\"caption\":\"Contemporary minimalist Nativity set - Sleek wooden Nativity figures in modern style\"},{\"@type\":\"BreadcrumbList\",\"@id\":\"https:\/\/www.minimalith.com\/de\/minimalistisches-handgefertigtes-produkt\/minimalistisches-krippenset-aus-holz\/#breadcrumb\",\"itemListElement\":[{\"@type\":\"ListItem\",\"position\":1,\"name\":\"Home\",\"item\":\"https:\/\/www.minimalith.com\/de\/\"},{\"@type\":\"ListItem\",\"position\":2,\"name\":\"Shop\",\"item\":\"https:\/\/www.minimalith.com\/de\/shop\/\"},{\"@type\":\"ListItem\",\"position\":3,\"name\":\"Minimalistisches Krippenset aus Holz\"}]},{\"@type\":\"WebSite\",\"@id\":\"https:\/\/www.minimalith.com\/de\/#website\",\"url\":\"https:\/\/www.minimalith.com\/de\/\",\"name\":\"MINIMALITH\",\"description\":\"Minimalism to inspire your spaces\",\"publisher\":{\"@id\":\"https:\/\/www.minimalith.com\/de\/#organization\"},\"alternateName\":\"MINIMALITH\",\"potentialAction\":[{\"@type\":\"SearchAction\",\"target\":{\"@type\":\"EntryPoint\",\"urlTemplate\":\"https:\/\/www.minimalith.com\/de\/?s={search_term_string}\"},\"query-input\":{\"@type\":\"PropertyValueSpecification\",\"valueRequired\":true,\"valueName\":\"search_term_string\"}}],\"inLanguage\":\"de\"},{\"@type\":\"Organization\",\"@id\":\"https:\/\/www.minimalith.com\/de\/#organization\",\"name\":\"MINIMALITH\",\"url\":\"https:\/\/www.minimalith.com\/de\/\",\"logo\":{\"@type\":\"ImageObject\",\"inLanguage\":\"de\",\"@id\":\"https:\/\/www.minimalith.com\/de\/#\/schema\/logo\/image\/\",\"url\":\"https:\/\/www.minimalith.com\/wp-content\/uploads\/2024\/10\/we-are-minimalith-preview.webp\",\"contentUrl\":\"https:\/\/www.minimalith.com\/wp-content\/uploads\/2024\/10\/we-are-minimalith-preview.webp\",\"width\":1920,\"height\":750,\"caption\":\"MINIMALITH\"},\"image\":{\"@id\":\"https:\/\/www.minimalith.com\/de\/#\/schema\/logo\/image\/\"}}]}<\/script>\n<!-- \/ Yoast SEO plugin. -->","yoast_head_json":{"title":"Minimalistische h\u00f6lzerne Krippe Set | Handgefertigte Weihnachtsdekoration","description":"Werten Sie Ihre Weihnachtsdekoration mit unserer minimalistischen Holzkrippe auf. Mit Sorgfalt handgefertigt, eignet es sich perfekt f\u00fcr moderne, zeitlose Weihnachtsdekorationen","robots":{"index":"index","follow":"follow","max-snippet":"max-snippet:-1","max-image-preview":"max-image-preview:large","max-video-preview":"max-video-preview:-1"},"canonical":"https:\/\/www.minimalith.com\/de\/minimalistisches-handgefertigtes-produkt\/minimalistisches-krippenset-aus-holz\/","og_locale":"de_DE","og_type":"article","og_title":"Minimalistische h\u00f6lzerne Krippe Set | Handgefertigte Weihnachtsdekoration","og_description":"Werten Sie Ihre Weihnachtsdekoration mit unserer minimalistischen Holzkrippe auf. Mit Sorgfalt handgefertigt, eignet es sich perfekt f\u00fcr moderne, zeitlose Weihnachtsdekorationen","og_url":"https:\/\/www.minimalith.com\/de\/minimalistisches-handgefertigtes-produkt\/minimalistisches-krippenset-aus-holz\/","og_site_name":"minimalith","article_modified_time":"2025-10-22T20:49:00+00:00","og_image":[{"width":1400,"height":1600,"url":"https:\/\/www.minimalith.com\/wp-content\/uploads\/2024\/10\/minimal-nativity-set-dark.webp","type":"image\/webp"}],"twitter_card":"summary_large_image","twitter_misc":{"Gesch\u00e4tzte Lesezeit":"1\u00a0Minute"},"schema":{"@context":"https:\/\/schema.org","@graph":[{"@type":"WebPage","@id":"https:\/\/www.minimalith.com\/de\/minimalistisches-handgefertigtes-produkt\/minimalistisches-krippenset-aus-holz\/","url":"https:\/\/www.minimalith.com\/de\/minimalistisches-handgefertigtes-produkt\/minimalistisches-krippenset-aus-holz\/","name":"Minimalistische h\u00f6lzerne Krippe Set | Handgefertigte Weihnachtsdekoration","isPartOf":{"@id":"https:\/\/www.minimalith.com\/de\/#website"},"primaryImageOfPage":{"@id":"https:\/\/www.minimalith.com\/de\/minimalistisches-handgefertigtes-produkt\/minimalistisches-krippenset-aus-holz\/#primaryimage"},"image":{"@id":"https:\/\/www.minimalith.com\/de\/minimalistisches-handgefertigtes-produkt\/minimalistisches-krippenset-aus-holz\/#primaryimage"},"thumbnailUrl":"https:\/\/www.minimalith.com\/wp-content\/uploads\/2024\/10\/minimal-nativity-set-dark.webp","datePublished":"2024-09-25T23:18:48+00:00","dateModified":"2025-10-22T20:49:00+00:00","description":"Werten Sie Ihre Weihnachtsdekoration mit unserer minimalistischen Holzkrippe auf. Mit Sorgfalt handgefertigt, eignet es sich perfekt f\u00fcr moderne, zeitlose Weihnachtsdekorationen","breadcrumb":{"@id":"https:\/\/www.minimalith.com\/de\/minimalistisches-handgefertigtes-produkt\/minimalistisches-krippenset-aus-holz\/#breadcrumb"},"inLanguage":"de","potentialAction":[{"@type":"ReadAction","target":["https:\/\/www.minimalith.com\/de\/minimalistisches-handgefertigtes-produkt\/minimalistisches-krippenset-aus-holz\/"]}]},{"@type":"ImageObject","inLanguage":"de","@id":"https:\/\/www.minimalith.com\/de\/minimalistisches-handgefertigtes-produkt\/minimalistisches-krippenset-aus-holz\/#primaryimage","url":"https:\/\/www.minimalith.com\/wp-content\/uploads\/2024\/10\/minimal-nativity-set-dark.webp","contentUrl":"https:\/\/www.minimalith.com\/wp-content\/uploads\/2024\/10\/minimal-nativity-set-dark.webp","width":1400,"height":1600,"caption":"Contemporary minimalist Nativity set - Sleek wooden Nativity figures in modern style"},{"@type":"BreadcrumbList","@id":"https:\/\/www.minimalith.com\/de\/minimalistisches-handgefertigtes-produkt\/minimalistisches-krippenset-aus-holz\/#breadcrumb","itemListElement":[{"@type":"ListItem","position":1,"name":"Home","item":"https:\/\/www.minimalith.com\/de\/"},{"@type":"ListItem","position":2,"name":"Shop","item":"https:\/\/www.minimalith.com\/de\/shop\/"},{"@type":"ListItem","position":3,"name":"Minimalistisches Krippenset aus Holz"}]},{"@type":"WebSite","@id":"https:\/\/www.minimalith.com\/de\/#website","url":"https:\/\/www.minimalith.com\/de\/","name":"MINIMALITH","description":"Minimalism to inspire your spaces","publisher":{"@id":"https:\/\/www.minimalith.com\/de\/#organization"},"alternateName":"MINIMALITH","potentialAction":[{"@type":"SearchAction","target":{"@type":"EntryPoint","urlTemplate":"https:\/\/www.minimalith.com\/de\/?s={search_term_string}"},"query-input":{"@type":"PropertyValueSpecification","valueRequired":true,"valueName":"search_term_string"}}],"inLanguage":"de"},{"@type":"Organization","@id":"https:\/\/www.minimalith.com\/de\/#organization","name":"MINIMALITH","url":"https:\/\/www.minimalith.com\/de\/","logo":{"@type":"ImageObject","inLanguage":"de","@id":"https:\/\/www.minimalith.com\/de\/#\/schema\/logo\/image\/","url":"https:\/\/www.minimalith.com\/wp-content\/uploads\/2024\/10\/we-are-minimalith-preview.webp","contentUrl":"https:\/\/www.minimalith.com\/wp-content\/uploads\/2024\/10\/we-are-minimalith-preview.webp","width":1920,"height":750,"caption":"MINIMALITH"},"image":{"@id":"https:\/\/www.minimalith.com\/de\/#\/schema\/logo\/image\/"}}]}},"jetpack_sharing_enabled":true,"_links":{"self":[{"href":"https:\/\/www.minimalith.com\/de\/wp-json\/wp\/v2\/product\/4924","targetHints":{"allow":["GET"]}}],"collection":[{"href":"https:\/\/www.minimalith.com\/de\/wp-json\/wp\/v2\/product"}],"about":[{"href":"https:\/\/www.minimalith.com\/de\/wp-json\/wp\/v2\/types\/product"}],"replies":[{"embeddable":true,"href":"https:\/\/www.minimalith.com\/de\/wp-json\/wp\/v2\/comments?post=4924"}],"version-history":[{"count":0,"href":"https:\/\/www.minimalith.com\/de\/wp-json\/wp\/v2\/product\/4924\/revisions"}],"wp:featuredmedia":[{"embeddable":true,"href":"https:\/\/www.minimalith.com\/de\/wp-json\/wp\/v2\/media\/5262"}],"wp:attachment":[{"href":"https:\/\/www.minimalith.com\/de\/wp-json\/wp\/v2\/media?parent=4924"}],"wp:term":[{"taxonomy":"product_brand","embeddable":true,"href":"https:\/\/www.minimalith.com\/de\/wp-json\/wp\/v2\/product_brand?post=4924"},{"taxonomy":"product_cat","embeddable":true,"href":"https:\/\/www.minimalith.com\/de\/wp-json\/wp\/v2\/product_cat?post=4924"},{"taxonomy":"product_tag","embeddable":true,"href":"https:\/\/www.minimalith.com\/de\/wp-json\/wp\/v2\/product_tag?post=4924"}],"curies":[{"name":"wp","href":"https:\/\/api.w.org\/{rel}","templated":true}]}}