{"id":4868,"date":"2024-10-04T23:49:18","date_gmt":"2024-10-04T21:49:18","guid":{"rendered":"https:\/\/www.minimalith.com\/we-are-minimalith\/"},"modified":"2024-10-20T17:03:35","modified_gmt":"2024-10-20T15:03:35","slug":"somos-minimalith","status":"publish","type":"page","link":"https:\/\/www.minimalith.com\/es\/somos-minimalith\/","title":{"rendered":"Somos Minimalith"},"content":{"rendered":"\t\t<div data-elementor-type=\"wp-page\" data-elementor-id=\"4868\" class=\"elementor elementor-4868 elementor-118\">\n\t\t\t\t<div class=\"elementor-element elementor-element-bf1a67b e-con-full e-flex e-con e-parent\" data-id=\"bf1a67b\" data-element_type=\"container\">\n\t\t\t\t<div class=\"elementor-element elementor-element-eced17c elementor-widget elementor-widget-video\" data-id=\"eced17c\" data-element_type=\"widget\" data-settings=\"{&quot;video_type&quot;:&quot;hosted&quot;,&quot;autoplay&quot;:&quot;yes&quot;,&quot;play_on_mobile&quot;:&quot;yes&quot;,&quot;mute&quot;:&quot;yes&quot;,&quot;loop&quot;:&quot;yes&quot;}\" data-widget_type=\"video.default\">\n\t\t\t\t<div class=\"elementor-widget-container\">\n\t\t\t\t\t\t\t<div class=\"e-hosted-video elementor-wrapper elementor-open-inline\">\n\t\t\t\t\t<video class=\"elementor-video\" src=\"https:\/\/www.minimalith.com\/wp-content\/uploads\/2024\/10\/we-are-minimalith-slide.mp4\" autoplay=\"\" loop=\"\" muted=\"muted\" playsinline=\"\" controlsList=\"nodownload\" poster=\"https:\/\/www.minimalith.com\/wp-content\/uploads\/2024\/10\/we-are-minimalith-preview.webp\"><\/video>\n\t\t\t\t<\/div>\n\t\t\t\t\t\t<\/div>\n\t\t\t\t<\/div>\n\t\t\t\t<div class=\"elementor-element elementor-element-e0e650e elementor-widget elementor-widget-spacer\" data-id=\"e0e650e\" data-element_type=\"widget\" data-widget_type=\"spacer.default\">\n\t\t\t\t<div class=\"elementor-widget-container\">\n\t\t\t\t\t\t\t<div class=\"elementor-spacer\">\n\t\t\t<div class=\"elementor-spacer-inner\"><\/div>\n\t\t<\/div>\n\t\t\t\t\t\t<\/div>\n\t\t\t\t<\/div>\n\t\t\t\t<\/div>\n\t\t\t\t<section class=\"elementor-section elementor-top-section elementor-element elementor-element-15edec8b elementor-section-boxed elementor-section-height-default elementor-section-height-default\" data-id=\"15edec8b\" data-element_type=\"section\">\n\t\t\t\t\t\t<div class=\"elementor-container elementor-column-gap-no\">\n\t\t\t\t\t<div class=\"elementor-column elementor-col-16 elementor-top-column elementor-element elementor-element-7696c495\" data-id=\"7696c495\" data-element_type=\"column\">\n\t\t\t<div class=\"elementor-widget-wrap\">\n\t\t\t\t\t\t\t<\/div>\n\t\t<\/div>\n\t\t\t\t<div class=\"elementor-column elementor-col-66 elementor-top-column elementor-element elementor-element-7ac221d\" data-id=\"7ac221d\" data-element_type=\"column\">\n\t\t\t<div class=\"elementor-widget-wrap elementor-element-populated\">\n\t\t\t\t\t\t<div class=\"elementor-element elementor-element-4b8b14cf elementor-widget elementor-widget-konte-heading\" data-id=\"4b8b14cf\" data-element_type=\"widget\" data-widget_type=\"konte-heading.default\">\n\t\t\t\t<div class=\"elementor-widget-container\">\n\t\t\t\t\t<h2 class=\"konte-heading-title konte-heading-title--default\">Somos Minimalith<\/h2>\t\t\t\t<\/div>\n\t\t\t\t<\/div>\n\t\t\t\t<div class=\"elementor-element elementor-element-21135599 elementor-widget elementor-widget-text-editor\" data-id=\"21135599\" data-element_type=\"widget\" data-widget_type=\"text-editor.default\">\n\t\t\t\t<div class=\"elementor-widget-container\">\n\t\t\t\t\t\t\t\t\t<p>En <strong>Minimalith<\/strong>, creemos en el poder de la simplicidad. Nuestro nombre combina dos conceptos esenciales: <strong>Minimal<\/strong> y <strong>Monolith<\/strong>. <strong>Minimal<\/strong> refleja la simplicidad, enfoc\u00e1ndose en la belleza de lo esencial, eliminando el exceso para revelar la pureza de la forma. <strong>Lith<\/strong>, de <strong>Monolith<\/strong>, evoca fuerza y durabilidad, como un bloque s\u00f3lido e imponente que resiste el paso del tiempo. <\/p>\n\t\t\t\t\t\t\t\t<\/div>\n\t\t\t\t<\/div>\n\t\t\t\t<div class=\"elementor-element elementor-element-66139a3 elementor-widget elementor-widget-konte-heading\" data-id=\"66139a3\" data-element_type=\"widget\" data-widget_type=\"konte-heading.default\">\n\t\t\t\t<div class=\"elementor-widget-container\">\n\t\t\t\t\t<h4 class=\"konte-heading-title konte-heading-title--default\">Juntos, Minimalith representa la fuerza de la simplicidad: un dise\u00f1o que es tan esencial como duradero. Nuestra marca encarna la elegancia, la modernidad y el refinamiento, posicion\u00e1ndonos como l\u00edderes en el dise\u00f1o minimalista contempor\u00e1neo. <\/h4>\t\t\t\t<\/div>\n\t\t\t\t<\/div>\n\t\t\t\t<div class=\"elementor-element elementor-element-e36cba7 elementor-widget elementor-widget-konte-separator-dash\" data-id=\"e36cba7\" data-element_type=\"widget\" data-widget_type=\"konte-separator-dash.default\">\n\t\t\t\t<div class=\"elementor-widget-container\">\n\t\t\t\t\t\t\t<span class=\"konte-dash konte-dash--elementor\">\r\n\t\t\t<span class=\"konte-dash__line\"><\/span>\r\n\t\t\t\t\t<\/span>\r\n\t\t\t\t\t\t<\/div>\n\t\t\t\t<\/div>\n\t\t\t\t<div class=\"elementor-element elementor-element-e6e97b5 elementor-widget elementor-widget-konte-heading\" data-id=\"e6e97b5\" data-element_type=\"widget\" data-widget_type=\"konte-heading.default\">\n\t\t\t\t<div class=\"elementor-widget-container\">\n\t\t\t\t\t<h4 class=\"konte-heading-title konte-heading-title--default\">Elaborado con prop\u00f3sito y pasi\u00f3n<\/h4>\t\t\t\t<\/div>\n\t\t\t\t<\/div>\n\t\t\t\t<div class=\"elementor-element elementor-element-fed75cf elementor-widget elementor-widget-text-editor\" data-id=\"fed75cf\" data-element_type=\"widget\" data-widget_type=\"text-editor.default\">\n\t\t\t\t<div class=\"elementor-widget-container\">\n\t\t\t\t\t\t\t\t\t<p>Cada producto en Minimalith es elaborado a mano con cuidado y precisi\u00f3n. Ya sean nuestros <strong>conjuntos de nacimiento minimalistas de madera<\/strong>, meticulosamente formados a partir de materiales naturales, o nuestros <strong>p\u00f3sters gr\u00e1ficos dise\u00f1ados a medida<\/strong>, cada pieza es creada con prop\u00f3sito. Nuestros p\u00f3sters no son solo decoraciones, son obras de arte cuidadosamente elaboradas, dise\u00f1adas para mejorar tu espacio con un estilo moderno y minimalista.  <\/p>\n<p>Nos enorgullecemos de ofrecer productos que reflejan nuestros valores de <strong>simplicidad<\/strong> y <strong>durabilidad<\/strong>, asegurando que cada art\u00edculo no solo complemente tu decoraci\u00f3n, sino que tambi\u00e9n resista el paso del tiempo.<\/p>\n\t\t\t\t\t\t\t\t<\/div>\n\t\t\t\t<\/div>\n\t\t\t\t<div class=\"elementor-element elementor-element-030355b elementor-widget elementor-widget-konte-heading\" data-id=\"030355b\" data-element_type=\"widget\" data-widget_type=\"konte-heading.default\">\n\t\t\t\t<div class=\"elementor-widget-container\">\n\t\t\t\t\t<h4 class=\"konte-heading-title konte-heading-title--default\">Dise\u00f1ado para inspirar<\/h4>\t\t\t\t<\/div>\n\t\t\t\t<\/div>\n\t\t\t\t<div class=\"elementor-element elementor-element-93f2e99 elementor-widget elementor-widget-text-editor\" data-id=\"93f2e99\" data-element_type=\"widget\" data-widget_type=\"text-editor.default\">\n\t\t\t\t<div class=\"elementor-widget-container\">\n\t\t\t\t\t\t\t\t\t<p>Nuestra misi\u00f3n es crear productos que inspiren un estilo de <strong>vida consciente<\/strong>, alent\u00e1ndote a vivir con menos pero de una manera que sea m\u00e1s significativa. Con <strong>p\u00f3sters minimalistas<\/strong> para pel\u00edculas, m\u00fasica, juegos y c\u00f3cteles, junto con <strong>decoraci\u00f3n artesanal<\/strong> \u00fanica, nos esforzamos por traer belleza y claridad a tu entorno cotidiano. <\/p>\n\t\t\t\t\t\t\t\t<\/div>\n\t\t\t\t<\/div>\n\t\t\t\t<div class=\"elementor-element elementor-element-cdcfbe5 elementor-widget elementor-widget-konte-heading\" data-id=\"cdcfbe5\" data-element_type=\"widget\" data-widget_type=\"konte-heading.default\">\n\t\t\t\t<div class=\"elementor-widget-container\">\n\t\t\t\t\t<h4 class=\"konte-heading-title konte-heading-title--default\">En Minimalith, somos m\u00e1s que una marca, somos una comunidad que valora la simplicidad, la calidad y una vida intencional. Te invitamos a explorar nuestras colecciones y encontrar piezas que resuenen con tu propia visi\u00f3n de un estilo de vida equilibrado y minimalista. <\/h4>\t\t\t\t<\/div>\n\t\t\t\t<\/div>\n\t\t\t\t<div class=\"elementor-element elementor-element-a7dac61 konte-button-wrapper--align-left elementor-widget elementor-widget-konte-button\" data-id=\"a7dac61\" data-element_type=\"widget\" data-widget_type=\"konte-button.default\">\n\t\t\t\t<div class=\"elementor-widget-container\">\n\t\t\t\t\t\t\t<a class=\"konte-button konte-button--elementor konte-button--type-normal button-normal konte-button--size-normal normal konte-button--link button square\" role=\"button\" href=\"https:\/\/www.minimalith.com\/es\/tienda\/\">\r\n\t\t\t<span class=\"konte-button__text\">DESCUBRE NUESTRA TIENDA<\/span>\r\n\t\t<\/a>\r\n\t\t\t\t\t\t<\/div>\n\t\t\t\t<\/div>\n\t\t\t\t\t<\/div>\n\t\t<\/div>\n\t\t\t\t<div class=\"elementor-column elementor-col-16 elementor-top-column elementor-element elementor-element-4197dd53\" data-id=\"4197dd53\" data-element_type=\"column\">\n\t\t\t<div class=\"elementor-widget-wrap\">\n\t\t\t\t\t\t\t<\/div>\n\t\t<\/div>\n\t\t\t\t\t<\/div>\n\t\t<\/section>\n\t\t\t\t<\/div>\n\t\t","protected":false},"excerpt":{"rendered":"<p>https:\/\/www.minimalith.com\/wp-content\/uploads\/2024\/10\/we-are-minimalith-slide.mp4 Somos Minimalith En Minimalith, creemos en el poder de la simplicidad. Nuestro nombre combina dos conceptos esenciales: Minimal y Monolith. Minimal refleja la simplicidad, enfoc\u00e1ndose en la belleza de&hellip;<\/p>\n","protected":false},"author":1,"featured_media":0,"parent":0,"menu_order":0,"comment_status":"closed","ping_status":"closed","template":"elementor_theme","meta":{"footnotes":""},"class_list":["post-4868","page","type-page","status-publish","hentry"],"yoast_head":"<!-- This site is optimized with the Yoast SEO plugin v26.4 - https:\/\/yoast.com\/wordpress\/plugins\/seo\/ -->\n<title>Somos Minimalith \u2013 Dise\u00f1o Minimalista, Productos Artesanales<\/title>\n<meta name=\"description\" content=\"Una marca de dise\u00f1o minimalista que combina esencialidad y estilo. Productos artesanales y p\u00f3sters \u00fanicos para la decoraci\u00f3n moderna del hogar.\" \/>\n<meta name=\"robots\" content=\"index, follow, max-snippet:-1, max-image-preview:large, max-video-preview:-1\" \/>\n<link rel=\"canonical\" href=\"https:\/\/www.minimalith.com\/es\/somos-minimalith\/\" \/>\n<meta property=\"og:locale\" content=\"es_ES\" \/>\n<meta property=\"og:type\" content=\"article\" \/>\n<meta property=\"og:title\" content=\"Somos Minimalith \u2013 Dise\u00f1o Minimalista, Productos Artesanales\" \/>\n<meta property=\"og:description\" content=\"Una marca de dise\u00f1o minimalista que combina esencialidad y estilo. Productos artesanales y p\u00f3sters \u00fanicos para la decoraci\u00f3n moderna del hogar.\" \/>\n<meta property=\"og:url\" content=\"https:\/\/www.minimalith.com\/es\/somos-minimalith\/\" \/>\n<meta property=\"og:site_name\" content=\"minimalith\" \/>\n<meta property=\"article:modified_time\" content=\"2024-10-20T15:03:35+00:00\" \/>\n<meta property=\"og:image\" content=\"https:\/\/www.minimalith.com\/wp-content\/uploads\/2024\/10\/we-are-minimalith-preview.webp\" \/>\n\t<meta property=\"og:image:width\" content=\"1920\" \/>\n\t<meta property=\"og:image:height\" content=\"750\" \/>\n\t<meta property=\"og:image:type\" content=\"image\/webp\" \/>\n<meta name=\"twitter:card\" content=\"summary_large_image\" \/>\n<meta name=\"twitter:label1\" content=\"Tiempo de lectura\" \/>\n\t<meta name=\"twitter:data1\" content=\"2 minutos\" \/>\n<script type=\"application\/ld+json\" class=\"yoast-schema-graph\">{\"@context\":\"https:\/\/schema.org\",\"@graph\":[{\"@type\":\"WebPage\",\"@id\":\"https:\/\/www.minimalith.com\/es\/somos-minimalith\/\",\"url\":\"https:\/\/www.minimalith.com\/es\/somos-minimalith\/\",\"name\":\"Somos Minimalith \u2013 Dise\u00f1o Minimalista, Productos Artesanales\",\"isPartOf\":{\"@id\":\"https:\/\/www.minimalith.com\/es\/#website\"},\"datePublished\":\"2024-10-04T21:49:18+00:00\",\"dateModified\":\"2024-10-20T15:03:35+00:00\",\"description\":\"Una marca de dise\u00f1o minimalista que combina esencialidad y estilo. Productos artesanales y p\u00f3sters \u00fanicos para la decoraci\u00f3n moderna del hogar.\",\"breadcrumb\":{\"@id\":\"https:\/\/www.minimalith.com\/es\/somos-minimalith\/#breadcrumb\"},\"inLanguage\":\"es\",\"potentialAction\":[{\"@type\":\"ReadAction\",\"target\":[\"https:\/\/www.minimalith.com\/es\/somos-minimalith\/\"]}]},{\"@type\":\"BreadcrumbList\",\"@id\":\"https:\/\/www.minimalith.com\/es\/somos-minimalith\/#breadcrumb\",\"itemListElement\":[{\"@type\":\"ListItem\",\"position\":1,\"name\":\"Home\",\"item\":\"https:\/\/www.minimalith.com\/es\/\"},{\"@type\":\"ListItem\",\"position\":2,\"name\":\"Somos Minimalith\"}]},{\"@type\":\"WebSite\",\"@id\":\"https:\/\/www.minimalith.com\/es\/#website\",\"url\":\"https:\/\/www.minimalith.com\/es\/\",\"name\":\"MINIMALITH\",\"description\":\"Minimalism to inspire your spaces\",\"publisher\":{\"@id\":\"https:\/\/www.minimalith.com\/es\/#organization\"},\"alternateName\":\"MINIMALITH\",\"potentialAction\":[{\"@type\":\"SearchAction\",\"target\":{\"@type\":\"EntryPoint\",\"urlTemplate\":\"https:\/\/www.minimalith.com\/es\/?s={search_term_string}\"},\"query-input\":{\"@type\":\"PropertyValueSpecification\",\"valueRequired\":true,\"valueName\":\"search_term_string\"}}],\"inLanguage\":\"es\"},{\"@type\":\"Organization\",\"@id\":\"https:\/\/www.minimalith.com\/es\/#organization\",\"name\":\"MINIMALITH\",\"url\":\"https:\/\/www.minimalith.com\/es\/\",\"logo\":{\"@type\":\"ImageObject\",\"inLanguage\":\"es\",\"@id\":\"https:\/\/www.minimalith.com\/es\/#\/schema\/logo\/image\/\",\"url\":\"https:\/\/www.minimalith.com\/wp-content\/uploads\/2024\/10\/we-are-minimalith-preview.webp\",\"contentUrl\":\"https:\/\/www.minimalith.com\/wp-content\/uploads\/2024\/10\/we-are-minimalith-preview.webp\",\"width\":1920,\"height\":750,\"caption\":\"MINIMALITH\"},\"image\":{\"@id\":\"https:\/\/www.minimalith.com\/es\/#\/schema\/logo\/image\/\"}}]}<\/script>\n<!-- \/ Yoast SEO plugin. -->","yoast_head_json":{"title":"Somos Minimalith \u2013 Dise\u00f1o Minimalista, Productos Artesanales","description":"Una marca de dise\u00f1o minimalista que combina esencialidad y estilo. Productos artesanales y p\u00f3sters \u00fanicos para la decoraci\u00f3n moderna del hogar.","robots":{"index":"index","follow":"follow","max-snippet":"max-snippet:-1","max-image-preview":"max-image-preview:large","max-video-preview":"max-video-preview:-1"},"canonical":"https:\/\/www.minimalith.com\/es\/somos-minimalith\/","og_locale":"es_ES","og_type":"article","og_title":"Somos Minimalith \u2013 Dise\u00f1o Minimalista, Productos Artesanales","og_description":"Una marca de dise\u00f1o minimalista que combina esencialidad y estilo. Productos artesanales y p\u00f3sters \u00fanicos para la decoraci\u00f3n moderna del hogar.","og_url":"https:\/\/www.minimalith.com\/es\/somos-minimalith\/","og_site_name":"minimalith","article_modified_time":"2024-10-20T15:03:35+00:00","og_image":[{"width":1920,"height":750,"url":"https:\/\/www.minimalith.com\/wp-content\/uploads\/2024\/10\/we-are-minimalith-preview.webp","type":"image\/webp"}],"twitter_card":"summary_large_image","twitter_misc":{"Tiempo de lectura":"2 minutos"},"schema":{"@context":"https:\/\/schema.org","@graph":[{"@type":"WebPage","@id":"https:\/\/www.minimalith.com\/es\/somos-minimalith\/","url":"https:\/\/www.minimalith.com\/es\/somos-minimalith\/","name":"Somos Minimalith \u2013 Dise\u00f1o Minimalista, Productos Artesanales","isPartOf":{"@id":"https:\/\/www.minimalith.com\/es\/#website"},"datePublished":"2024-10-04T21:49:18+00:00","dateModified":"2024-10-20T15:03:35+00:00","description":"Una marca de dise\u00f1o minimalista que combina esencialidad y estilo. Productos artesanales y p\u00f3sters \u00fanicos para la decoraci\u00f3n moderna del hogar.","breadcrumb":{"@id":"https:\/\/www.minimalith.com\/es\/somos-minimalith\/#breadcrumb"},"inLanguage":"es","potentialAction":[{"@type":"ReadAction","target":["https:\/\/www.minimalith.com\/es\/somos-minimalith\/"]}]},{"@type":"BreadcrumbList","@id":"https:\/\/www.minimalith.com\/es\/somos-minimalith\/#breadcrumb","itemListElement":[{"@type":"ListItem","position":1,"name":"Home","item":"https:\/\/www.minimalith.com\/es\/"},{"@type":"ListItem","position":2,"name":"Somos Minimalith"}]},{"@type":"WebSite","@id":"https:\/\/www.minimalith.com\/es\/#website","url":"https:\/\/www.minimalith.com\/es\/","name":"MINIMALITH","description":"Minimalism to inspire your spaces","publisher":{"@id":"https:\/\/www.minimalith.com\/es\/#organization"},"alternateName":"MINIMALITH","potentialAction":[{"@type":"SearchAction","target":{"@type":"EntryPoint","urlTemplate":"https:\/\/www.minimalith.com\/es\/?s={search_term_string}"},"query-input":{"@type":"PropertyValueSpecification","valueRequired":true,"valueName":"search_term_string"}}],"inLanguage":"es"},{"@type":"Organization","@id":"https:\/\/www.minimalith.com\/es\/#organization","name":"MINIMALITH","url":"https:\/\/www.minimalith.com\/es\/","logo":{"@type":"ImageObject","inLanguage":"es","@id":"https:\/\/www.minimalith.com\/es\/#\/schema\/logo\/image\/","url":"https:\/\/www.minimalith.com\/wp-content\/uploads\/2024\/10\/we-are-minimalith-preview.webp","contentUrl":"https:\/\/www.minimalith.com\/wp-content\/uploads\/2024\/10\/we-are-minimalith-preview.webp","width":1920,"height":750,"caption":"MINIMALITH"},"image":{"@id":"https:\/\/www.minimalith.com\/es\/#\/schema\/logo\/image\/"}}]}},"jetpack_sharing_enabled":true,"_links":{"self":[{"href":"https:\/\/www.minimalith.com\/es\/wp-json\/wp\/v2\/pages\/4868","targetHints":{"allow":["GET"]}}],"collection":[{"href":"https:\/\/www.minimalith.com\/es\/wp-json\/wp\/v2\/pages"}],"about":[{"href":"https:\/\/www.minimalith.com\/es\/wp-json\/wp\/v2\/types\/page"}],"author":[{"embeddable":true,"href":"https:\/\/www.minimalith.com\/es\/wp-json\/wp\/v2\/users\/1"}],"replies":[{"embeddable":true,"href":"https:\/\/www.minimalith.com\/es\/wp-json\/wp\/v2\/comments?post=4868"}],"version-history":[{"count":0,"href":"https:\/\/www.minimalith.com\/es\/wp-json\/wp\/v2\/pages\/4868\/revisions"}],"wp:attachment":[{"href":"https:\/\/www.minimalith.com\/es\/wp-json\/wp\/v2\/media?parent=4868"}],"curies":[{"name":"wp","href":"https:\/\/api.w.org\/{rel}","templated":true}]}}