{"id":5026,"date":"2018-08-22T08:50:17","date_gmt":"2018-08-22T06:50:17","guid":{"rendered":"https:\/\/www.minimalith.com\/politica-de-privacidad\/"},"modified":"2024-10-21T22:49:35","modified_gmt":"2024-10-21T20:49:35","slug":"politica-de-privacidad","status":"publish","type":"page","link":"https:\/\/www.minimalith.com\/es\/politica-de-privacidad\/","title":{"rendered":"Pol\u00edtica de privacidad"},"content":{"rendered":"\t\t<div data-elementor-type=\"wp-page\" data-elementor-id=\"5026\" class=\"elementor elementor-5026 elementor-3392\">\n\t\t\t\t<div class=\"elementor-element elementor-element-5726619f e-flex e-con-boxed e-con e-parent\" data-id=\"5726619f\" data-element_type=\"container\">\n\t\t\t\t\t<div class=\"e-con-inner\">\n\t\t\t\t<div class=\"elementor-element elementor-element-6a9c38ac elementor-widget elementor-widget-text-editor\" data-id=\"6a9c38ac\" data-element_type=\"widget\" data-widget_type=\"text-editor.default\">\n\t\t\t\t<div class=\"elementor-widget-container\">\n\t\t\t\t\t\t\t\t\t<h3><strong>Bienvenidos a Minimalith.<\/strong><\/h3>\n<p>Su privacidad es de suma importancia para nosotros. Esta pol\u00edtica de privacidad describe c\u00f3mo recopilamos, usamos y protegemos su informaci\u00f3n personal cuando visita o realiza una compra en <a href=\"https:\/\/www.minimalith.com\/es\/\"><strong>www.minimalith.com<\/strong><\/a>. <\/p>\n<h4><strong>Informaci\u00f3n que recopilamos<\/strong><\/h4>\n<p>Cuando visita nuestro Sitio, recopilamos autom\u00e1ticamente cierta informaci\u00f3n sobre su dispositivo, incluida informaci\u00f3n sobre su navegador web, direcci\u00f3n IP, zona horaria y algunas de las cookies instaladas en su dispositivo. Adem\u00e1s, a medida que navega por el Sitio, recopilamos informaci\u00f3n sobre las p\u00e1ginas web o productos individuales que ve e informaci\u00f3n sobre c\u00f3mo interact\u00faa con el Sitio. <\/p>\n<h4><strong>Informaci\u00f3n del dispositivo<\/strong><\/h4>\n<p>Esto incluye datos t\u00e9cnicos relacionados con su dispositivo y su conexi\u00f3n a Internet.<br \/>&#8211; <strong>Informaci\u00f3n del pedido<\/strong>: Cuando realiza o intenta realizar una compra, recopilamos informaci\u00f3n como su nombre, direcci\u00f3n de facturaci\u00f3n, direcci\u00f3n de env\u00edo, detalles de pago (por ejemplo, n\u00famero de tarjeta de cr\u00e9dito) y direcci\u00f3n de correo electr\u00f3nico.<\/p>\n<h4><strong>C\u00f3mo utilizamos su informaci\u00f3n<\/strong><\/h4>\n<p>Utilizamos la informaci\u00f3n que recopilamos para proporcionar nuestros servicios, que incluyen:<br \/>&#8211; Procesar sus pedidos y gestionar la entrega de productos;<br \/>&#8211; Comunicarnos con usted para obtener asistencia al cliente o actualizaciones de pedidos;<br \/>&#8211; Personalizar y mejorar su experiencia en nuestro Sitio;<br \/>&#8211; Garantizar la seguridad de nuestro Sitio y prevenir el fraude.<\/p>\n<p>No compartimos, vendemos ni distribuimos su informaci\u00f3n personal a terceros. La informaci\u00f3n recopilada se utiliza exclusivamente para los fines necesarios para administrar nuestro Sitio y nuestros servicios. <\/p>\n<h4><strong>Galletas<\/strong><\/h4>\n<p>Nuestro Sitio utiliza cookies para mejorar su experiencia de navegaci\u00f3n. Las cookies son peque\u00f1os archivos de texto que se almacenan en su dispositivo y nos ayudan a identificar sus preferencias y mejorar nuestros servicios. Puede administrar sus preferencias de cookies en la configuraci\u00f3n de su navegador.  <\/p>\n<h4><strong>Derechos del usuario<\/strong><\/h4>\n<p>Si usted es residente de Europa, tiene derecho a acceder a los datos personales que tenemos sobre usted y a solicitar correcciones, actualizaciones o eliminaciones de dichos datos. Si desea ejercer este derecho, p\u00f3ngase en contacto con nosotros utilizando la informaci\u00f3n de contacto que se proporciona a continuaci\u00f3n. <\/p>\n<p>Adem\u00e1s, si usted es residente de Europa, observamos que estamos procesando su informaci\u00f3n para cumplir con los contratos que podamos tener con usted (por ejemplo, si realiza un pedido a trav\u00e9s del Sitio) o para perseguir nuestros intereses comerciales leg\u00edtimos.<\/p>\n<h4><strong>Retenci\u00f3n de datos<\/strong><\/h4>\n<p>Conservaremos su informaci\u00f3n personal durante el tiempo que sea necesario para cumplir con los fines para los que se recopil\u00f3, incluidos los fines legales y contables. Puede solicitar la eliminaci\u00f3n de su informaci\u00f3n personal poni\u00e9ndose en contacto con nosotros. <\/p>\n<h4><strong>Seguridad de los datos<\/strong><\/h4>\n<p>Tomamos las medidas de seguridad adecuadas para proteger su informaci\u00f3n personal contra el acceso no autorizado, la divulgaci\u00f3n, la alteraci\u00f3n o la destrucci\u00f3n. Sin embargo, ning\u00fan m\u00e9todo de transmisi\u00f3n a trav\u00e9s de Internet o almacenamiento electr\u00f3nico es completamente seguro, y no podemos garantizar una seguridad absoluta. <\/p>\n<h4><strong>Cambios a esta Pol\u00edtica de Privacidad<\/strong><\/h4>\n<p>Nos reservamos el derecho de actualizar esta pol\u00edtica de privacidad de vez en cuando para reflejar cambios en nuestras pr\u00e1cticas o por otras razones operativas, legales o reglamentarias. Le recomendamos que revise esta p\u00e1gina peri\u00f3dicamente para ver si hay actualizaciones. <\/p>\n<h4><strong>Contacto<\/strong><\/h4>\n<p>Si tiene alguna pregunta sobre esta pol\u00edtica de privacidad o desea ejercer alguno de sus derechos, p\u00f3ngase en contacto con nosotros por correo electr\u00f3nico en <a href=\"mailto:info@minimalith.com\">info@minimalith.com<\/a>.<\/p>\n\t\t\t\t\t\t\t\t<\/div>\n\t\t\t\t<\/div>\n\t\t\t\t\t<\/div>\n\t\t\t\t<\/div>\n\t\t\t\t<\/div>\n\t\t","protected":false},"excerpt":{"rendered":"<p>Bienvenidos a Minimalith. Su privacidad es de suma importancia para nosotros. Esta pol\u00edtica de privacidad describe c\u00f3mo recopilamos, usamos y protegemos su informaci\u00f3n personal cuando visita o realiza una compra&hellip;<\/p>\n","protected":false},"author":1,"featured_media":0,"parent":0,"menu_order":0,"comment_status":"closed","ping_status":"closed","template":"","meta":{"footnotes":""},"class_list":["post-5026","page","type-page","status-publish","hentry"],"yoast_head":"<!-- This site is optimized with the Yoast SEO plugin v26.4 - https:\/\/yoast.com\/wordpress\/plugins\/seo\/ -->\n<title>Pol\u00edtica de privacidad - minimalith<\/title>\n<meta name=\"robots\" content=\"index, follow, max-snippet:-1, max-image-preview:large, max-video-preview:-1\" \/>\n<link rel=\"canonical\" href=\"https:\/\/www.minimalith.com\/es\/politica-de-privacidad\/\" \/>\n<meta property=\"og:locale\" content=\"es_ES\" \/>\n<meta property=\"og:type\" content=\"article\" \/>\n<meta property=\"og:title\" content=\"Pol\u00edtica de privacidad - minimalith\" \/>\n<meta property=\"og:description\" content=\"Bienvenidos a Minimalith. Su privacidad es de suma importancia para nosotros. Esta pol\u00edtica de privacidad describe c\u00f3mo recopilamos, usamos y protegemos su informaci\u00f3n personal cuando visita o realiza una compra&hellip;\" \/>\n<meta property=\"og:url\" content=\"https:\/\/www.minimalith.com\/es\/politica-de-privacidad\/\" \/>\n<meta property=\"og:site_name\" content=\"minimalith\" \/>\n<meta property=\"article:modified_time\" content=\"2024-10-21T20:49:35+00:00\" \/>\n<meta property=\"og:image\" content=\"https:\/\/www.minimalith.com\/wp-content\/uploads\/2024\/10\/we-are-minimalith-preview.webp\" \/>\n\t<meta property=\"og:image:width\" content=\"1920\" \/>\n\t<meta property=\"og:image:height\" content=\"750\" \/>\n\t<meta property=\"og:image:type\" content=\"image\/webp\" \/>\n<meta name=\"twitter:card\" content=\"summary_large_image\" \/>\n<meta name=\"twitter:label1\" content=\"Tiempo de lectura\" \/>\n\t<meta name=\"twitter:data1\" content=\"3 minutos\" \/>\n<script type=\"application\/ld+json\" class=\"yoast-schema-graph\">{\"@context\":\"https:\/\/schema.org\",\"@graph\":[{\"@type\":\"WebPage\",\"@id\":\"https:\/\/www.minimalith.com\/es\/politica-de-privacidad\/\",\"url\":\"https:\/\/www.minimalith.com\/es\/politica-de-privacidad\/\",\"name\":\"Pol\u00edtica de privacidad - minimalith\",\"isPartOf\":{\"@id\":\"https:\/\/www.minimalith.com\/es\/#website\"},\"datePublished\":\"2018-08-22T06:50:17+00:00\",\"dateModified\":\"2024-10-21T20:49:35+00:00\",\"breadcrumb\":{\"@id\":\"https:\/\/www.minimalith.com\/es\/politica-de-privacidad\/#breadcrumb\"},\"inLanguage\":\"es\",\"potentialAction\":[{\"@type\":\"ReadAction\",\"target\":[\"https:\/\/www.minimalith.com\/es\/politica-de-privacidad\/\"]}]},{\"@type\":\"BreadcrumbList\",\"@id\":\"https:\/\/www.minimalith.com\/es\/politica-de-privacidad\/#breadcrumb\",\"itemListElement\":[{\"@type\":\"ListItem\",\"position\":1,\"name\":\"Home\",\"item\":\"https:\/\/www.minimalith.com\/es\/\"},{\"@type\":\"ListItem\",\"position\":2,\"name\":\"Pol\u00edtica de privacidad\"}]},{\"@type\":\"WebSite\",\"@id\":\"https:\/\/www.minimalith.com\/es\/#website\",\"url\":\"https:\/\/www.minimalith.com\/es\/\",\"name\":\"MINIMALITH\",\"description\":\"Minimalism to inspire your spaces\",\"publisher\":{\"@id\":\"https:\/\/www.minimalith.com\/es\/#organization\"},\"alternateName\":\"MINIMALITH\",\"potentialAction\":[{\"@type\":\"SearchAction\",\"target\":{\"@type\":\"EntryPoint\",\"urlTemplate\":\"https:\/\/www.minimalith.com\/es\/?s={search_term_string}\"},\"query-input\":{\"@type\":\"PropertyValueSpecification\",\"valueRequired\":true,\"valueName\":\"search_term_string\"}}],\"inLanguage\":\"es\"},{\"@type\":\"Organization\",\"@id\":\"https:\/\/www.minimalith.com\/es\/#organization\",\"name\":\"MINIMALITH\",\"url\":\"https:\/\/www.minimalith.com\/es\/\",\"logo\":{\"@type\":\"ImageObject\",\"inLanguage\":\"es\",\"@id\":\"https:\/\/www.minimalith.com\/es\/#\/schema\/logo\/image\/\",\"url\":\"https:\/\/www.minimalith.com\/wp-content\/uploads\/2024\/10\/we-are-minimalith-preview.webp\",\"contentUrl\":\"https:\/\/www.minimalith.com\/wp-content\/uploads\/2024\/10\/we-are-minimalith-preview.webp\",\"width\":1920,\"height\":750,\"caption\":\"MINIMALITH\"},\"image\":{\"@id\":\"https:\/\/www.minimalith.com\/es\/#\/schema\/logo\/image\/\"}}]}<\/script>\n<!-- \/ Yoast SEO plugin. -->","yoast_head_json":{"title":"Pol\u00edtica de privacidad - minimalith","robots":{"index":"index","follow":"follow","max-snippet":"max-snippet:-1","max-image-preview":"max-image-preview:large","max-video-preview":"max-video-preview:-1"},"canonical":"https:\/\/www.minimalith.com\/es\/politica-de-privacidad\/","og_locale":"es_ES","og_type":"article","og_title":"Pol\u00edtica de privacidad - minimalith","og_description":"Bienvenidos a Minimalith. Su privacidad es de suma importancia para nosotros. Esta pol\u00edtica de privacidad describe c\u00f3mo recopilamos, usamos y protegemos su informaci\u00f3n personal cuando visita o realiza una compra&hellip;","og_url":"https:\/\/www.minimalith.com\/es\/politica-de-privacidad\/","og_site_name":"minimalith","article_modified_time":"2024-10-21T20:49:35+00:00","og_image":[{"width":1920,"height":750,"url":"https:\/\/www.minimalith.com\/wp-content\/uploads\/2024\/10\/we-are-minimalith-preview.webp","type":"image\/webp"}],"twitter_card":"summary_large_image","twitter_misc":{"Tiempo de lectura":"3 minutos"},"schema":{"@context":"https:\/\/schema.org","@graph":[{"@type":"WebPage","@id":"https:\/\/www.minimalith.com\/es\/politica-de-privacidad\/","url":"https:\/\/www.minimalith.com\/es\/politica-de-privacidad\/","name":"Pol\u00edtica de privacidad - minimalith","isPartOf":{"@id":"https:\/\/www.minimalith.com\/es\/#website"},"datePublished":"2018-08-22T06:50:17+00:00","dateModified":"2024-10-21T20:49:35+00:00","breadcrumb":{"@id":"https:\/\/www.minimalith.com\/es\/politica-de-privacidad\/#breadcrumb"},"inLanguage":"es","potentialAction":[{"@type":"ReadAction","target":["https:\/\/www.minimalith.com\/es\/politica-de-privacidad\/"]}]},{"@type":"BreadcrumbList","@id":"https:\/\/www.minimalith.com\/es\/politica-de-privacidad\/#breadcrumb","itemListElement":[{"@type":"ListItem","position":1,"name":"Home","item":"https:\/\/www.minimalith.com\/es\/"},{"@type":"ListItem","position":2,"name":"Pol\u00edtica de privacidad"}]},{"@type":"WebSite","@id":"https:\/\/www.minimalith.com\/es\/#website","url":"https:\/\/www.minimalith.com\/es\/","name":"MINIMALITH","description":"Minimalism to inspire your spaces","publisher":{"@id":"https:\/\/www.minimalith.com\/es\/#organization"},"alternateName":"MINIMALITH","potentialAction":[{"@type":"SearchAction","target":{"@type":"EntryPoint","urlTemplate":"https:\/\/www.minimalith.com\/es\/?s={search_term_string}"},"query-input":{"@type":"PropertyValueSpecification","valueRequired":true,"valueName":"search_term_string"}}],"inLanguage":"es"},{"@type":"Organization","@id":"https:\/\/www.minimalith.com\/es\/#organization","name":"MINIMALITH","url":"https:\/\/www.minimalith.com\/es\/","logo":{"@type":"ImageObject","inLanguage":"es","@id":"https:\/\/www.minimalith.com\/es\/#\/schema\/logo\/image\/","url":"https:\/\/www.minimalith.com\/wp-content\/uploads\/2024\/10\/we-are-minimalith-preview.webp","contentUrl":"https:\/\/www.minimalith.com\/wp-content\/uploads\/2024\/10\/we-are-minimalith-preview.webp","width":1920,"height":750,"caption":"MINIMALITH"},"image":{"@id":"https:\/\/www.minimalith.com\/es\/#\/schema\/logo\/image\/"}}]}},"jetpack_sharing_enabled":true,"_links":{"self":[{"href":"https:\/\/www.minimalith.com\/es\/wp-json\/wp\/v2\/pages\/5026","targetHints":{"allow":["GET"]}}],"collection":[{"href":"https:\/\/www.minimalith.com\/es\/wp-json\/wp\/v2\/pages"}],"about":[{"href":"https:\/\/www.minimalith.com\/es\/wp-json\/wp\/v2\/types\/page"}],"author":[{"embeddable":true,"href":"https:\/\/www.minimalith.com\/es\/wp-json\/wp\/v2\/users\/1"}],"replies":[{"embeddable":true,"href":"https:\/\/www.minimalith.com\/es\/wp-json\/wp\/v2\/comments?post=5026"}],"version-history":[{"count":0,"href":"https:\/\/www.minimalith.com\/es\/wp-json\/wp\/v2\/pages\/5026\/revisions"}],"wp:attachment":[{"href":"https:\/\/www.minimalith.com\/es\/wp-json\/wp\/v2\/media?parent=5026"}],"curies":[{"name":"wp","href":"https:\/\/api.w.org\/{rel}","templated":true}]}}