{"id":4925,"date":"2024-09-26T01:18:48","date_gmt":"2024-09-25T23:18:48","guid":{"rendered":"https:\/\/www.minimalith.com\/sin%20categor\u00eda\/belen-minimalista-de-madera\/"},"modified":"2025-10-22T22:49:00","modified_gmt":"2025-10-22T20:49:00","slug":"belen-minimalista-de-madera","status":"publish","type":"product","link":"https:\/\/www.minimalith.com\/es\/producto-artesanal-minimalista\/belen-minimalista-de-madera\/","title":{"rendered":"Bel\u00e9n minimalista de madera"},"content":{"rendered":"\t\t<div data-elementor-type=\"wp-post\" data-elementor-id=\"4925\" class=\"elementor elementor-4925 elementor-3298\">\n\t\t\t\t<div class=\"elementor-element elementor-element-6c8fb33e e-flex e-con-boxed e-con e-parent\" data-id=\"6c8fb33e\" data-element_type=\"container\">\n\t\t\t\t\t<div class=\"e-con-inner\">\n\t\t\t\t<div class=\"elementor-element elementor-element-3ae828b1 elementor-widget elementor-widget-text-editor\" data-id=\"3ae828b1\" data-element_type=\"widget\" data-widget_type=\"text-editor.default\">\n\t\t\t\t<div class=\"elementor-widget-container\">\n\t\t\t\t\t\t\t\t\t<p>El <strong>pesebre m\u00ednimo<\/strong> es una <strong>interpretaci\u00f3n moderna<\/strong> del <strong>pesebre<\/strong> tradicional, dise\u00f1ado no solo como <strong>decoraci\u00f3n navide\u00f1a<\/strong> , sino tambi\u00e9n como una pieza de <strong>dise\u00f1o<\/strong> para enriquecer su <strong>hogar<\/strong> durante todo el a\u00f1o. Elaboradas con <strong>materiales de primera calidad<\/strong> como el <strong>nogal daniela<\/strong> y <strong>la madera de tulip\u00e1n<\/strong>, cada pieza presenta <strong>l\u00edneas limpias<\/strong> que crean una atm\u00f3sfera de <strong>serenidad<\/strong> y <strong>elegancia<\/strong>, perfecta para los amantes del <strong>interiorismo minimalista<\/strong>. <\/p>\n<p>Las <strong>figuras estilizadas<\/strong> del Nacimiento est\u00e1n tratadas con un <strong>barniz satinado<\/strong>, formulado para <strong>perdurar en el tiempo<\/strong>, conservando la <strong>belleza natural<\/strong> de la madera. Cada pieza est\u00e1 <strong>elaborada artesanalmente<\/strong> con cuidado, lo que la hace <strong>\u00fanica<\/strong>, con <strong>ligeras irregularidades t\u00edpicas<\/strong> de <strong>la madera natural<\/strong>, realzando su <strong>autenticidad<\/strong> y <strong>car\u00e1cter<\/strong>. <\/p>\n<p>Perfecto como <strong>decoraci\u00f3n<\/strong> o <strong>regalo de dise\u00f1o<\/strong>, este <strong>bel\u00e9n minimalista<\/strong> logra un equilibrio entre <strong>tradici\u00f3n<\/strong> y <strong>modernidad<\/strong>, aportando un estilo <strong>refinado<\/strong> y <strong>sostenible<\/strong> a tu hogar.<\/p>\n\t\t\t\t\t\t\t\t<\/div>\n\t\t\t\t<\/div>\n\t\t\t\t\t<\/div>\n\t\t\t\t<\/div>\n\t\t<div class=\"elementor-element elementor-element-b08d156 e-flex e-con-boxed e-con e-parent\" data-id=\"b08d156\" data-element_type=\"container\">\n\t\t\t\t\t<div class=\"e-con-inner\">\n\t\t\t\t<div class=\"elementor-element elementor-element-b388ce0 elementor-widget elementor-widget-video\" data-id=\"b388ce0\" data-element_type=\"widget\" data-settings=\"{&quot;youtube_url&quot;:&quot;https:\\\/\\\/youtu.be\\\/1vjCH2LccZw&quot;,&quot;lazy_load&quot;:&quot;yes&quot;,&quot;show_image_overlay&quot;:&quot;yes&quot;,&quot;image_overlay&quot;:{&quot;url&quot;:&quot;https:\\\/\\\/www.minimalith.com\\\/wp-content\\\/uploads\\\/2024\\\/09\\\/minimalith-preview-video.webp&quot;,&quot;id&quot;:5128,&quot;size&quot;:&quot;&quot;,&quot;alt&quot;:&quot;&quot;,&quot;source&quot;:&quot;library&quot;},&quot;loop&quot;:&quot;yes&quot;,&quot;video_type&quot;:&quot;youtube&quot;,&quot;controls&quot;:&quot;yes&quot;}\" data-widget_type=\"video.default\">\n\t\t\t\t<div class=\"elementor-widget-container\">\n\t\t\t\t\t\t\t<div class=\"elementor-wrapper elementor-open-inline\">\n\t\t\t<div class=\"elementor-video\"><\/div>\t\t\t\t<div class=\"elementor-custom-embed-image-overlay\" style=\"background-image: url(https:\/\/www.minimalith.com\/wp-content\/uploads\/2024\/09\/minimalith-preview-video.webp);\">\n\t\t\t\t\t\t\t\t\t\t\t\t\t\t\t\t<div class=\"elementor-custom-embed-play\" role=\"button\" aria-label=\"Reproducir v\u00eddeo\" tabindex=\"0\">\n\t\t\t\t\t\t\t<svg aria-hidden=\"true\" class=\"e-font-icon-svg e-eicon-play\" viewBox=\"0 0 1000 1000\" xmlns=\"http:\/\/www.w3.org\/2000\/svg\"><path d=\"M838 162C746 71 633 25 500 25 371 25 258 71 163 162 71 254 25 367 25 500 25 633 71 746 163 837 254 929 367 979 500 979 633 979 746 933 838 837 929 746 975 633 975 500 975 367 929 254 838 162M808 192C892 279 933 379 933 500 933 621 892 725 808 808 725 892 621 938 500 938 379 938 279 896 196 808 113 725 67 621 67 500 67 379 108 279 196 192 279 108 383 62 500 62 621 62 721 108 808 192M438 392V642L642 517 438 392Z\"><\/path><\/svg>\t\t\t\t\t\t<\/div>\n\t\t\t\t\t\t\t\t\t<\/div>\n\t\t\t\t\t<\/div>\n\t\t\t\t\t\t<\/div>\n\t\t\t\t<\/div>\n\t\t\t\t\t<\/div>\n\t\t\t\t<\/div>\n\t\t\t\t<\/div>\n\t\t","protected":false},"excerpt":{"rendered":"<p>El pesebre minimalista es una versi\u00f3n moderna del pesebre, perfecto para la decoraci\u00f3n durante todo el a\u00f1o. Hecho a mano con madera de nogal daniela y tulip\u00e1n, cada pieza \u00fanica tiene un acabado satinado para una calidad duradera y muestra la belleza natural de la madera. Elegante y sostenible, combina la tradici\u00f3n con el dise\u00f1o moderno.  <\/p>\n","protected":false},"featured_media":5262,"comment_status":"open","ping_status":"closed","template":"","meta":[],"product_brand":[],"product_cat":[228],"product_tag":[341,343,345,347,346,344,340,342],"class_list":{"0":"post-4925","1":"product","2":"type-product","3":"status-publish","4":"has-post-thumbnail","6":"product_cat-producto-artesanal-minimalista","7":"product_tag-belen-artesanal","8":"product_tag-belen-de-madera","9":"product_tag-belen-sencillo","10":"product_tag-decoracion-minimalista-del-hogar","11":"product_tag-decoracion-minimalista-navidena","12":"product_tag-decoracion-navidena-minimalista","13":"product_tag-pesebre-minimo","14":"product_tag-pesebre-moderno","16":"first","17":"onbackorder","18":"purchasable","19":"product-type-variable"},"yoast_head":"<!-- This site is optimized with the Yoast SEO plugin v26.4 - https:\/\/yoast.com\/wordpress\/plugins\/seo\/ -->\n<title>Bel\u00e9n minimalista de madera | Decoraci\u00f3n navide\u00f1a artesanal<\/title>\n<meta name=\"description\" content=\"Eleva la decoraci\u00f3n de tus fiestas con nuestro bel\u00e9n minimalista de madera. Hecho a mano con cuidado, es perfecto para decoraciones navide\u00f1as modernas y atemporales\" \/>\n<meta name=\"robots\" content=\"index, follow, max-snippet:-1, max-image-preview:large, max-video-preview:-1\" \/>\n<link rel=\"canonical\" href=\"https:\/\/www.minimalith.com\/es\/producto-artesanal-minimalista\/belen-minimalista-de-madera\/\" \/>\n<meta property=\"og:locale\" content=\"es_ES\" \/>\n<meta property=\"og:type\" content=\"article\" \/>\n<meta property=\"og:title\" content=\"Bel\u00e9n minimalista de madera | Decoraci\u00f3n navide\u00f1a artesanal\" \/>\n<meta property=\"og:description\" content=\"Eleva la decoraci\u00f3n de tus fiestas con nuestro bel\u00e9n minimalista de madera. Hecho a mano con cuidado, es perfecto para decoraciones navide\u00f1as modernas y atemporales\" \/>\n<meta property=\"og:url\" content=\"https:\/\/www.minimalith.com\/es\/producto-artesanal-minimalista\/belen-minimalista-de-madera\/\" \/>\n<meta property=\"og:site_name\" content=\"minimalith\" \/>\n<meta property=\"article:modified_time\" content=\"2025-10-22T20:49:00+00:00\" \/>\n<meta property=\"og:image\" content=\"https:\/\/www.minimalith.com\/wp-content\/uploads\/2024\/10\/minimal-nativity-set-dark.webp\" \/>\n\t<meta property=\"og:image:width\" content=\"1400\" \/>\n\t<meta property=\"og:image:height\" content=\"1600\" \/>\n\t<meta property=\"og:image:type\" content=\"image\/webp\" \/>\n<meta name=\"twitter:card\" content=\"summary_large_image\" \/>\n<meta name=\"twitter:label1\" content=\"Tiempo de lectura\" \/>\n\t<meta name=\"twitter:data1\" content=\"1 minuto\" \/>\n<script type=\"application\/ld+json\" class=\"yoast-schema-graph\">{\"@context\":\"https:\/\/schema.org\",\"@graph\":[{\"@type\":\"WebPage\",\"@id\":\"https:\/\/www.minimalith.com\/es\/producto-artesanal-minimalista\/belen-minimalista-de-madera\/\",\"url\":\"https:\/\/www.minimalith.com\/es\/producto-artesanal-minimalista\/belen-minimalista-de-madera\/\",\"name\":\"Bel\u00e9n minimalista de madera | Decoraci\u00f3n navide\u00f1a artesanal\",\"isPartOf\":{\"@id\":\"https:\/\/www.minimalith.com\/es\/#website\"},\"primaryImageOfPage\":{\"@id\":\"https:\/\/www.minimalith.com\/es\/producto-artesanal-minimalista\/belen-minimalista-de-madera\/#primaryimage\"},\"image\":{\"@id\":\"https:\/\/www.minimalith.com\/es\/producto-artesanal-minimalista\/belen-minimalista-de-madera\/#primaryimage\"},\"thumbnailUrl\":\"https:\/\/www.minimalith.com\/wp-content\/uploads\/2024\/10\/minimal-nativity-set-dark.webp\",\"datePublished\":\"2024-09-25T23:18:48+00:00\",\"dateModified\":\"2025-10-22T20:49:00+00:00\",\"description\":\"Eleva la decoraci\u00f3n de tus fiestas con nuestro bel\u00e9n minimalista de madera. Hecho a mano con cuidado, es perfecto para decoraciones navide\u00f1as modernas y atemporales\",\"breadcrumb\":{\"@id\":\"https:\/\/www.minimalith.com\/es\/producto-artesanal-minimalista\/belen-minimalista-de-madera\/#breadcrumb\"},\"inLanguage\":\"es\",\"potentialAction\":[{\"@type\":\"ReadAction\",\"target\":[\"https:\/\/www.minimalith.com\/es\/producto-artesanal-minimalista\/belen-minimalista-de-madera\/\"]}]},{\"@type\":\"ImageObject\",\"inLanguage\":\"es\",\"@id\":\"https:\/\/www.minimalith.com\/es\/producto-artesanal-minimalista\/belen-minimalista-de-madera\/#primaryimage\",\"url\":\"https:\/\/www.minimalith.com\/wp-content\/uploads\/2024\/10\/minimal-nativity-set-dark.webp\",\"contentUrl\":\"https:\/\/www.minimalith.com\/wp-content\/uploads\/2024\/10\/minimal-nativity-set-dark.webp\",\"width\":1400,\"height\":1600,\"caption\":\"Contemporary minimalist Nativity set - Sleek wooden Nativity figures in modern style\"},{\"@type\":\"BreadcrumbList\",\"@id\":\"https:\/\/www.minimalith.com\/es\/producto-artesanal-minimalista\/belen-minimalista-de-madera\/#breadcrumb\",\"itemListElement\":[{\"@type\":\"ListItem\",\"position\":1,\"name\":\"Home\",\"item\":\"https:\/\/www.minimalith.com\/es\/\"},{\"@type\":\"ListItem\",\"position\":2,\"name\":\"Tienda\",\"item\":\"https:\/\/www.minimalith.com\/es\/tienda\/\"},{\"@type\":\"ListItem\",\"position\":3,\"name\":\"Bel\u00e9n minimalista de madera\"}]},{\"@type\":\"WebSite\",\"@id\":\"https:\/\/www.minimalith.com\/es\/#website\",\"url\":\"https:\/\/www.minimalith.com\/es\/\",\"name\":\"MINIMALITH\",\"description\":\"Minimalism to inspire your spaces\",\"publisher\":{\"@id\":\"https:\/\/www.minimalith.com\/es\/#organization\"},\"alternateName\":\"MINIMALITH\",\"potentialAction\":[{\"@type\":\"SearchAction\",\"target\":{\"@type\":\"EntryPoint\",\"urlTemplate\":\"https:\/\/www.minimalith.com\/es\/?s={search_term_string}\"},\"query-input\":{\"@type\":\"PropertyValueSpecification\",\"valueRequired\":true,\"valueName\":\"search_term_string\"}}],\"inLanguage\":\"es\"},{\"@type\":\"Organization\",\"@id\":\"https:\/\/www.minimalith.com\/es\/#organization\",\"name\":\"MINIMALITH\",\"url\":\"https:\/\/www.minimalith.com\/es\/\",\"logo\":{\"@type\":\"ImageObject\",\"inLanguage\":\"es\",\"@id\":\"https:\/\/www.minimalith.com\/es\/#\/schema\/logo\/image\/\",\"url\":\"https:\/\/www.minimalith.com\/wp-content\/uploads\/2024\/10\/we-are-minimalith-preview.webp\",\"contentUrl\":\"https:\/\/www.minimalith.com\/wp-content\/uploads\/2024\/10\/we-are-minimalith-preview.webp\",\"width\":1920,\"height\":750,\"caption\":\"MINIMALITH\"},\"image\":{\"@id\":\"https:\/\/www.minimalith.com\/es\/#\/schema\/logo\/image\/\"}}]}<\/script>\n<!-- \/ Yoast SEO plugin. -->","yoast_head_json":{"title":"Bel\u00e9n minimalista de madera | Decoraci\u00f3n navide\u00f1a artesanal","description":"Eleva la decoraci\u00f3n de tus fiestas con nuestro bel\u00e9n minimalista de madera. Hecho a mano con cuidado, es perfecto para decoraciones navide\u00f1as modernas y atemporales","robots":{"index":"index","follow":"follow","max-snippet":"max-snippet:-1","max-image-preview":"max-image-preview:large","max-video-preview":"max-video-preview:-1"},"canonical":"https:\/\/www.minimalith.com\/es\/producto-artesanal-minimalista\/belen-minimalista-de-madera\/","og_locale":"es_ES","og_type":"article","og_title":"Bel\u00e9n minimalista de madera | Decoraci\u00f3n navide\u00f1a artesanal","og_description":"Eleva la decoraci\u00f3n de tus fiestas con nuestro bel\u00e9n minimalista de madera. Hecho a mano con cuidado, es perfecto para decoraciones navide\u00f1as modernas y atemporales","og_url":"https:\/\/www.minimalith.com\/es\/producto-artesanal-minimalista\/belen-minimalista-de-madera\/","og_site_name":"minimalith","article_modified_time":"2025-10-22T20:49:00+00:00","og_image":[{"width":1400,"height":1600,"url":"https:\/\/www.minimalith.com\/wp-content\/uploads\/2024\/10\/minimal-nativity-set-dark.webp","type":"image\/webp"}],"twitter_card":"summary_large_image","twitter_misc":{"Tiempo de lectura":"1 minuto"},"schema":{"@context":"https:\/\/schema.org","@graph":[{"@type":"WebPage","@id":"https:\/\/www.minimalith.com\/es\/producto-artesanal-minimalista\/belen-minimalista-de-madera\/","url":"https:\/\/www.minimalith.com\/es\/producto-artesanal-minimalista\/belen-minimalista-de-madera\/","name":"Bel\u00e9n minimalista de madera | Decoraci\u00f3n navide\u00f1a artesanal","isPartOf":{"@id":"https:\/\/www.minimalith.com\/es\/#website"},"primaryImageOfPage":{"@id":"https:\/\/www.minimalith.com\/es\/producto-artesanal-minimalista\/belen-minimalista-de-madera\/#primaryimage"},"image":{"@id":"https:\/\/www.minimalith.com\/es\/producto-artesanal-minimalista\/belen-minimalista-de-madera\/#primaryimage"},"thumbnailUrl":"https:\/\/www.minimalith.com\/wp-content\/uploads\/2024\/10\/minimal-nativity-set-dark.webp","datePublished":"2024-09-25T23:18:48+00:00","dateModified":"2025-10-22T20:49:00+00:00","description":"Eleva la decoraci\u00f3n de tus fiestas con nuestro bel\u00e9n minimalista de madera. Hecho a mano con cuidado, es perfecto para decoraciones navide\u00f1as modernas y atemporales","breadcrumb":{"@id":"https:\/\/www.minimalith.com\/es\/producto-artesanal-minimalista\/belen-minimalista-de-madera\/#breadcrumb"},"inLanguage":"es","potentialAction":[{"@type":"ReadAction","target":["https:\/\/www.minimalith.com\/es\/producto-artesanal-minimalista\/belen-minimalista-de-madera\/"]}]},{"@type":"ImageObject","inLanguage":"es","@id":"https:\/\/www.minimalith.com\/es\/producto-artesanal-minimalista\/belen-minimalista-de-madera\/#primaryimage","url":"https:\/\/www.minimalith.com\/wp-content\/uploads\/2024\/10\/minimal-nativity-set-dark.webp","contentUrl":"https:\/\/www.minimalith.com\/wp-content\/uploads\/2024\/10\/minimal-nativity-set-dark.webp","width":1400,"height":1600,"caption":"Contemporary minimalist Nativity set - Sleek wooden Nativity figures in modern style"},{"@type":"BreadcrumbList","@id":"https:\/\/www.minimalith.com\/es\/producto-artesanal-minimalista\/belen-minimalista-de-madera\/#breadcrumb","itemListElement":[{"@type":"ListItem","position":1,"name":"Home","item":"https:\/\/www.minimalith.com\/es\/"},{"@type":"ListItem","position":2,"name":"Tienda","item":"https:\/\/www.minimalith.com\/es\/tienda\/"},{"@type":"ListItem","position":3,"name":"Bel\u00e9n minimalista de madera"}]},{"@type":"WebSite","@id":"https:\/\/www.minimalith.com\/es\/#website","url":"https:\/\/www.minimalith.com\/es\/","name":"MINIMALITH","description":"Minimalism to inspire your spaces","publisher":{"@id":"https:\/\/www.minimalith.com\/es\/#organization"},"alternateName":"MINIMALITH","potentialAction":[{"@type":"SearchAction","target":{"@type":"EntryPoint","urlTemplate":"https:\/\/www.minimalith.com\/es\/?s={search_term_string}"},"query-input":{"@type":"PropertyValueSpecification","valueRequired":true,"valueName":"search_term_string"}}],"inLanguage":"es"},{"@type":"Organization","@id":"https:\/\/www.minimalith.com\/es\/#organization","name":"MINIMALITH","url":"https:\/\/www.minimalith.com\/es\/","logo":{"@type":"ImageObject","inLanguage":"es","@id":"https:\/\/www.minimalith.com\/es\/#\/schema\/logo\/image\/","url":"https:\/\/www.minimalith.com\/wp-content\/uploads\/2024\/10\/we-are-minimalith-preview.webp","contentUrl":"https:\/\/www.minimalith.com\/wp-content\/uploads\/2024\/10\/we-are-minimalith-preview.webp","width":1920,"height":750,"caption":"MINIMALITH"},"image":{"@id":"https:\/\/www.minimalith.com\/es\/#\/schema\/logo\/image\/"}}]}},"jetpack_sharing_enabled":true,"_links":{"self":[{"href":"https:\/\/www.minimalith.com\/es\/wp-json\/wp\/v2\/product\/4925","targetHints":{"allow":["GET"]}}],"collection":[{"href":"https:\/\/www.minimalith.com\/es\/wp-json\/wp\/v2\/product"}],"about":[{"href":"https:\/\/www.minimalith.com\/es\/wp-json\/wp\/v2\/types\/product"}],"replies":[{"embeddable":true,"href":"https:\/\/www.minimalith.com\/es\/wp-json\/wp\/v2\/comments?post=4925"}],"version-history":[{"count":0,"href":"https:\/\/www.minimalith.com\/es\/wp-json\/wp\/v2\/product\/4925\/revisions"}],"wp:featuredmedia":[{"embeddable":true,"href":"https:\/\/www.minimalith.com\/es\/wp-json\/wp\/v2\/media\/5262"}],"wp:attachment":[{"href":"https:\/\/www.minimalith.com\/es\/wp-json\/wp\/v2\/media?parent=4925"}],"wp:term":[{"taxonomy":"product_brand","embeddable":true,"href":"https:\/\/www.minimalith.com\/es\/wp-json\/wp\/v2\/product_brand?post=4925"},{"taxonomy":"product_cat","embeddable":true,"href":"https:\/\/www.minimalith.com\/es\/wp-json\/wp\/v2\/product_cat?post=4925"},{"taxonomy":"product_tag","embeddable":true,"href":"https:\/\/www.minimalith.com\/es\/wp-json\/wp\/v2\/product_tag?post=4925"}],"curies":[{"name":"wp","href":"https:\/\/api.w.org\/{rel}","templated":true}]}}