{"id":4864,"date":"2024-10-04T23:49:18","date_gmt":"2024-10-04T21:49:18","guid":{"rendered":"https:\/\/www.minimalith.com\/nous-sommes-minimalith\/"},"modified":"2024-10-20T16:46:01","modified_gmt":"2024-10-20T14:46:01","slug":"nous-sommes-minimalith","status":"publish","type":"page","link":"https:\/\/www.minimalith.com\/fr\/nous-sommes-minimalith\/","title":{"rendered":"Nous sommes Minimalith"},"content":{"rendered":"\t\t<div data-elementor-type=\"wp-page\" data-elementor-id=\"4864\" class=\"elementor elementor-4864 elementor-118\">\n\t\t\t\t<div class=\"elementor-element elementor-element-bf1a67b e-con-full e-flex e-con e-parent\" data-id=\"bf1a67b\" data-element_type=\"container\">\n\t\t\t\t<div class=\"elementor-element elementor-element-eced17c elementor-widget elementor-widget-video\" data-id=\"eced17c\" data-element_type=\"widget\" data-settings=\"{&quot;video_type&quot;:&quot;hosted&quot;,&quot;autoplay&quot;:&quot;yes&quot;,&quot;play_on_mobile&quot;:&quot;yes&quot;,&quot;mute&quot;:&quot;yes&quot;,&quot;loop&quot;:&quot;yes&quot;}\" data-widget_type=\"video.default\">\n\t\t\t\t<div class=\"elementor-widget-container\">\n\t\t\t\t\t\t\t<div class=\"e-hosted-video elementor-wrapper elementor-open-inline\">\n\t\t\t\t\t<video class=\"elementor-video\" src=\"https:\/\/www.minimalith.com\/wp-content\/uploads\/2024\/10\/we-are-minimalith-slide.mp4\" autoplay=\"\" loop=\"\" muted=\"muted\" playsinline=\"\" controlsList=\"nodownload\" poster=\"https:\/\/www.minimalith.com\/wp-content\/uploads\/2024\/10\/we-are-minimalith-preview.webp\"><\/video>\n\t\t\t\t<\/div>\n\t\t\t\t\t\t<\/div>\n\t\t\t\t<\/div>\n\t\t\t\t<div class=\"elementor-element elementor-element-e0e650e elementor-widget elementor-widget-spacer\" data-id=\"e0e650e\" data-element_type=\"widget\" data-widget_type=\"spacer.default\">\n\t\t\t\t<div class=\"elementor-widget-container\">\n\t\t\t\t\t\t\t<div class=\"elementor-spacer\">\n\t\t\t<div class=\"elementor-spacer-inner\"><\/div>\n\t\t<\/div>\n\t\t\t\t\t\t<\/div>\n\t\t\t\t<\/div>\n\t\t\t\t<\/div>\n\t\t\t\t<section class=\"elementor-section elementor-top-section elementor-element elementor-element-15edec8b elementor-section-boxed elementor-section-height-default elementor-section-height-default\" data-id=\"15edec8b\" data-element_type=\"section\">\n\t\t\t\t\t\t<div class=\"elementor-container elementor-column-gap-no\">\n\t\t\t\t\t<div class=\"elementor-column elementor-col-16 elementor-top-column elementor-element elementor-element-7696c495\" data-id=\"7696c495\" data-element_type=\"column\">\n\t\t\t<div class=\"elementor-widget-wrap\">\n\t\t\t\t\t\t\t<\/div>\n\t\t<\/div>\n\t\t\t\t<div class=\"elementor-column elementor-col-66 elementor-top-column elementor-element elementor-element-7ac221d\" data-id=\"7ac221d\" data-element_type=\"column\">\n\t\t\t<div class=\"elementor-widget-wrap elementor-element-populated\">\n\t\t\t\t\t\t<div class=\"elementor-element elementor-element-4b8b14cf elementor-widget elementor-widget-konte-heading\" data-id=\"4b8b14cf\" data-element_type=\"widget\" data-widget_type=\"konte-heading.default\">\n\t\t\t\t<div class=\"elementor-widget-container\">\n\t\t\t\t\t<h2 class=\"konte-heading-title konte-heading-title--default\">Nous sommes Minimalith<\/h2>\t\t\t\t<\/div>\n\t\t\t\t<\/div>\n\t\t\t\t<div class=\"elementor-element elementor-element-21135599 elementor-widget elementor-widget-text-editor\" data-id=\"21135599\" data-element_type=\"widget\" data-widget_type=\"text-editor.default\">\n\t\t\t\t<div class=\"elementor-widget-container\">\n\t\t\t\t\t\t\t\t\t<p>Chez <strong>Minimalith<\/strong>, nous croyons en la puissance de la simplicit\u00e9. Notre nom allie deux concepts essentiels : <strong>Minimal<\/strong> et <strong>Monolith<\/strong>. <strong>Minimal<\/strong> refl\u00e8te la simplicit\u00e9, en mettant l&rsquo;accent sur la beaut\u00e9 de l&rsquo;essentiel, en \u00e9liminant l&rsquo;exc\u00e8s pour r\u00e9v\u00e9ler la puret\u00e9 de la forme. <strong>Lith<\/strong>, issu de <strong>Monolith<\/strong>, \u00e9voque la force et la durabilit\u00e9, comme un bloc solide et imposant qui r\u00e9siste \u00e0 l&rsquo;\u00e9preuve du temps. <\/p>\n\t\t\t\t\t\t\t\t<\/div>\n\t\t\t\t<\/div>\n\t\t\t\t<div class=\"elementor-element elementor-element-66139a3 elementor-widget elementor-widget-konte-heading\" data-id=\"66139a3\" data-element_type=\"widget\" data-widget_type=\"konte-heading.default\">\n\t\t\t\t<div class=\"elementor-widget-container\">\n\t\t\t\t\t<h4 class=\"konte-heading-title konte-heading-title--default\">Ensemble, Minimalith repr\u00e9sente la force de la simplicit\u00e9 : un design aussi essentiel que durable.<br>Notre marque incarne l'\u00e9l\u00e9gance, la modernit\u00e9 et le raffinement, nous positionnant comme un leader dans le design minimaliste contemporain. <\/h4>\t\t\t\t<\/div>\n\t\t\t\t<\/div>\n\t\t\t\t<div class=\"elementor-element elementor-element-e36cba7 elementor-widget elementor-widget-konte-separator-dash\" data-id=\"e36cba7\" data-element_type=\"widget\" data-widget_type=\"konte-separator-dash.default\">\n\t\t\t\t<div class=\"elementor-widget-container\">\n\t\t\t\t\t\t\t<span class=\"konte-dash konte-dash--elementor\">\r\n\t\t\t<span class=\"konte-dash__line\"><\/span>\r\n\t\t\t\t\t<\/span>\r\n\t\t\t\t\t\t<\/div>\n\t\t\t\t<\/div>\n\t\t\t\t<div class=\"elementor-element elementor-element-e6e97b5 elementor-widget elementor-widget-konte-heading\" data-id=\"e6e97b5\" data-element_type=\"widget\" data-widget_type=\"konte-heading.default\">\n\t\t\t\t<div class=\"elementor-widget-container\">\n\t\t\t\t\t<h4 class=\"konte-heading-title konte-heading-title--default\">Fabriqu\u00e9 \u00e0 la main avec passion et d\u00e9termination<\/h4>\t\t\t\t<\/div>\n\t\t\t\t<\/div>\n\t\t\t\t<div class=\"elementor-element elementor-element-fed75cf elementor-widget elementor-widget-text-editor\" data-id=\"fed75cf\" data-element_type=\"widget\" data-widget_type=\"text-editor.default\">\n\t\t\t\t<div class=\"elementor-widget-container\">\n\t\t\t\t\t\t\t\t\t<p>Chaque produit chez Minimalith est fabriqu\u00e9 \u00e0 la main avec soin et pr\u00e9cision. Que ce soient nos <strong>cr\u00e8ches minimalistes en bois<\/strong>, fa\u00e7onn\u00e9es m\u00e9ticuleusement \u00e0 partir de mat\u00e9riaux naturels, ou nos <strong>affiches graphiques personnalis\u00e9es<\/strong>, chaque pi\u00e8ce est cr\u00e9\u00e9e avec un but pr\u00e9cis. Nos affiches ne sont pas seulement des d\u00e9corations \u2013 ce sont des \u0153uvres d&rsquo;art con\u00e7ues avec soin, destin\u00e9es \u00e0 embellir votre espace avec un style moderne et minimaliste.  <\/p>\n<p>Nous sommes fiers de proposer des produits qui refl\u00e8tent nos valeurs de <strong>simplicit\u00e9<\/strong> et de <strong>durabilit\u00e9<\/strong>, garantissant que chaque article non seulement compl\u00e8te votre d\u00e9coration, mais r\u00e9siste \u00e9galement \u00e0 l&rsquo;\u00e9preuve du temps.<\/p>\n\t\t\t\t\t\t\t\t<\/div>\n\t\t\t\t<\/div>\n\t\t\t\t<div class=\"elementor-element elementor-element-030355b elementor-widget elementor-widget-konte-heading\" data-id=\"030355b\" data-element_type=\"widget\" data-widget_type=\"konte-heading.default\">\n\t\t\t\t<div class=\"elementor-widget-container\">\n\t\t\t\t\t<h4 class=\"konte-heading-title konte-heading-title--default\">Con\u00e7us pour inspirer<\/h4>\t\t\t\t<\/div>\n\t\t\t\t<\/div>\n\t\t\t\t<div class=\"elementor-element elementor-element-93f2e99 elementor-widget elementor-widget-text-editor\" data-id=\"93f2e99\" data-element_type=\"widget\" data-widget_type=\"text-editor.default\">\n\t\t\t\t<div class=\"elementor-widget-container\">\n\t\t\t\t\t\t\t\t\t<p>Notre mission est de cr\u00e9er des produits qui inspirent un <strong>style de vie conscient<\/strong>, vous encourageant \u00e0 vivre avec moins mais de mani\u00e8re plus significative. Avec des affiches <strong>minimalistes pour <\/strong>les films, la musique, les jeux vid\u00e9o et les cocktails, ainsi que de la <strong>d\u00e9coration artisanale unique<\/strong>, nous nous effor\u00e7ons d&rsquo;apporter beaut\u00e9 et clart\u00e9 \u00e0 votre environnement quotidien. <\/p>\n\t\t\t\t\t\t\t\t<\/div>\n\t\t\t\t<\/div>\n\t\t\t\t<div class=\"elementor-element elementor-element-cdcfbe5 elementor-widget elementor-widget-konte-heading\" data-id=\"cdcfbe5\" data-element_type=\"widget\" data-widget_type=\"konte-heading.default\">\n\t\t\t\t<div class=\"elementor-widget-container\">\n\t\t\t\t\t<h4 class=\"konte-heading-title konte-heading-title--default\">Chez Minimalith, nous sommes plus qu'une simple marque \u2013 nous sommes une communaut\u00e9 qui valorise la simplicit\u00e9, la qualit\u00e9 et une vie intentionnelle. Nous vous invitons \u00e0 explorer nos collections et \u00e0 trouver des pi\u00e8ces qui r\u00e9sonnent avec votre propre vision d'un style de vie \u00e9quilibr\u00e9 et minimaliste. <\/h4>\t\t\t\t<\/div>\n\t\t\t\t<\/div>\n\t\t\t\t<div class=\"elementor-element elementor-element-a7dac61 konte-button-wrapper--align-left elementor-widget elementor-widget-konte-button\" data-id=\"a7dac61\" data-element_type=\"widget\" data-widget_type=\"konte-button.default\">\n\t\t\t\t<div class=\"elementor-widget-container\">\n\t\t\t\t\t\t\t<a class=\"konte-button konte-button--elementor konte-button--type-normal button-normal konte-button--size-normal normal konte-button--link button square\" role=\"button\" href=\"https:\/\/www.minimalith.com\/fr\/boutique\/\">\r\n\t\t\t<span class=\"konte-button__text\">D\u00c9COUVREZ NOTRE BOUTIQUE<\/span>\r\n\t\t<\/a>\r\n\t\t\t\t\t\t<\/div>\n\t\t\t\t<\/div>\n\t\t\t\t\t<\/div>\n\t\t<\/div>\n\t\t\t\t<div class=\"elementor-column elementor-col-16 elementor-top-column elementor-element elementor-element-4197dd53\" data-id=\"4197dd53\" data-element_type=\"column\">\n\t\t\t<div class=\"elementor-widget-wrap\">\n\t\t\t\t\t\t\t<\/div>\n\t\t<\/div>\n\t\t\t\t\t<\/div>\n\t\t<\/section>\n\t\t\t\t<\/div>\n\t\t","protected":false},"excerpt":{"rendered":"<p>https:\/\/www.minimalith.com\/wp-content\/uploads\/2024\/10\/we-are-minimalith-slide.mp4 Nous sommes Minimalith Chez Minimalith, nous croyons en la puissance de la simplicit\u00e9. Notre nom allie deux concepts essentiels : Minimal et Monolith. Minimal refl\u00e8te la simplicit\u00e9, en mettant&hellip;<\/p>\n","protected":false},"author":1,"featured_media":0,"parent":0,"menu_order":0,"comment_status":"closed","ping_status":"closed","template":"elementor_theme","meta":{"footnotes":""},"class_list":["post-4864","page","type-page","status-publish","hentry"],"yoast_head":"<!-- This site is optimized with the Yoast SEO plugin v26.4 - https:\/\/yoast.com\/wordpress\/plugins\/seo\/ -->\n<title>Nous sommes Minimalith \u2013 Design minimaliste, produits artisanaux<\/title>\n<meta name=\"description\" content=\"Une marque de design minimaliste qui allie fonctionnalit\u00e9 et esth\u00e9tique. D\u00e9couvrez nos produits artisanaux et nos posters uniques pour d\u00e9corer votre int\u00e9rieur avec style.\" \/>\n<meta name=\"robots\" content=\"index, follow, max-snippet:-1, max-image-preview:large, max-video-preview:-1\" \/>\n<link rel=\"canonical\" href=\"https:\/\/www.minimalith.com\/fr\/nous-sommes-minimalith\/\" \/>\n<meta property=\"og:locale\" content=\"fr_FR\" \/>\n<meta property=\"og:type\" content=\"article\" \/>\n<meta property=\"og:title\" content=\"Nous sommes Minimalith \u2013 Design minimaliste, produits artisanaux\" \/>\n<meta property=\"og:description\" content=\"Une marque de design minimaliste qui allie fonctionnalit\u00e9 et esth\u00e9tique. D\u00e9couvrez nos produits artisanaux et nos posters uniques pour d\u00e9corer votre int\u00e9rieur avec style.\" \/>\n<meta property=\"og:url\" content=\"https:\/\/www.minimalith.com\/fr\/nous-sommes-minimalith\/\" \/>\n<meta property=\"og:site_name\" content=\"minimalith\" \/>\n<meta property=\"article:modified_time\" content=\"2024-10-20T14:46:01+00:00\" \/>\n<meta property=\"og:image\" content=\"https:\/\/www.minimalith.com\/wp-content\/uploads\/2024\/10\/we-are-minimalith-preview.webp\" \/>\n\t<meta property=\"og:image:width\" content=\"1920\" \/>\n\t<meta property=\"og:image:height\" content=\"750\" \/>\n\t<meta property=\"og:image:type\" content=\"image\/webp\" \/>\n<meta name=\"twitter:card\" content=\"summary_large_image\" \/>\n<meta name=\"twitter:label1\" content=\"Dur\u00e9e de lecture estim\u00e9e\" \/>\n\t<meta name=\"twitter:data1\" content=\"2 minutes\" \/>\n<script type=\"application\/ld+json\" class=\"yoast-schema-graph\">{\"@context\":\"https:\/\/schema.org\",\"@graph\":[{\"@type\":\"WebPage\",\"@id\":\"https:\/\/www.minimalith.com\/fr\/nous-sommes-minimalith\/\",\"url\":\"https:\/\/www.minimalith.com\/fr\/nous-sommes-minimalith\/\",\"name\":\"Nous sommes Minimalith \u2013 Design minimaliste, produits artisanaux\",\"isPartOf\":{\"@id\":\"https:\/\/www.minimalith.com\/fr\/#website\"},\"datePublished\":\"2024-10-04T21:49:18+00:00\",\"dateModified\":\"2024-10-20T14:46:01+00:00\",\"description\":\"Une marque de design minimaliste qui allie fonctionnalit\u00e9 et esth\u00e9tique. D\u00e9couvrez nos produits artisanaux et nos posters uniques pour d\u00e9corer votre int\u00e9rieur avec style.\",\"breadcrumb\":{\"@id\":\"https:\/\/www.minimalith.com\/fr\/nous-sommes-minimalith\/#breadcrumb\"},\"inLanguage\":\"fr-FR\",\"potentialAction\":[{\"@type\":\"ReadAction\",\"target\":[\"https:\/\/www.minimalith.com\/fr\/nous-sommes-minimalith\/\"]}]},{\"@type\":\"BreadcrumbList\",\"@id\":\"https:\/\/www.minimalith.com\/fr\/nous-sommes-minimalith\/#breadcrumb\",\"itemListElement\":[{\"@type\":\"ListItem\",\"position\":1,\"name\":\"Home\",\"item\":\"https:\/\/www.minimalith.com\/fr\/\"},{\"@type\":\"ListItem\",\"position\":2,\"name\":\"Nous sommes Minimalith\"}]},{\"@type\":\"WebSite\",\"@id\":\"https:\/\/www.minimalith.com\/fr\/#website\",\"url\":\"https:\/\/www.minimalith.com\/fr\/\",\"name\":\"MINIMALITH\",\"description\":\"Minimalism to inspire your spaces\",\"publisher\":{\"@id\":\"https:\/\/www.minimalith.com\/fr\/#organization\"},\"alternateName\":\"MINIMALITH\",\"potentialAction\":[{\"@type\":\"SearchAction\",\"target\":{\"@type\":\"EntryPoint\",\"urlTemplate\":\"https:\/\/www.minimalith.com\/fr\/?s={search_term_string}\"},\"query-input\":{\"@type\":\"PropertyValueSpecification\",\"valueRequired\":true,\"valueName\":\"search_term_string\"}}],\"inLanguage\":\"fr-FR\"},{\"@type\":\"Organization\",\"@id\":\"https:\/\/www.minimalith.com\/fr\/#organization\",\"name\":\"MINIMALITH\",\"url\":\"https:\/\/www.minimalith.com\/fr\/\",\"logo\":{\"@type\":\"ImageObject\",\"inLanguage\":\"fr-FR\",\"@id\":\"https:\/\/www.minimalith.com\/fr\/#\/schema\/logo\/image\/\",\"url\":\"https:\/\/www.minimalith.com\/wp-content\/uploads\/2024\/10\/we-are-minimalith-preview.webp\",\"contentUrl\":\"https:\/\/www.minimalith.com\/wp-content\/uploads\/2024\/10\/we-are-minimalith-preview.webp\",\"width\":1920,\"height\":750,\"caption\":\"MINIMALITH\"},\"image\":{\"@id\":\"https:\/\/www.minimalith.com\/fr\/#\/schema\/logo\/image\/\"}}]}<\/script>\n<!-- \/ Yoast SEO plugin. -->","yoast_head_json":{"title":"Nous sommes Minimalith \u2013 Design minimaliste, produits artisanaux","description":"Une marque de design minimaliste qui allie fonctionnalit\u00e9 et esth\u00e9tique. D\u00e9couvrez nos produits artisanaux et nos posters uniques pour d\u00e9corer votre int\u00e9rieur avec style.","robots":{"index":"index","follow":"follow","max-snippet":"max-snippet:-1","max-image-preview":"max-image-preview:large","max-video-preview":"max-video-preview:-1"},"canonical":"https:\/\/www.minimalith.com\/fr\/nous-sommes-minimalith\/","og_locale":"fr_FR","og_type":"article","og_title":"Nous sommes Minimalith \u2013 Design minimaliste, produits artisanaux","og_description":"Une marque de design minimaliste qui allie fonctionnalit\u00e9 et esth\u00e9tique. D\u00e9couvrez nos produits artisanaux et nos posters uniques pour d\u00e9corer votre int\u00e9rieur avec style.","og_url":"https:\/\/www.minimalith.com\/fr\/nous-sommes-minimalith\/","og_site_name":"minimalith","article_modified_time":"2024-10-20T14:46:01+00:00","og_image":[{"width":1920,"height":750,"url":"https:\/\/www.minimalith.com\/wp-content\/uploads\/2024\/10\/we-are-minimalith-preview.webp","type":"image\/webp"}],"twitter_card":"summary_large_image","twitter_misc":{"Dur\u00e9e de lecture estim\u00e9e":"2 minutes"},"schema":{"@context":"https:\/\/schema.org","@graph":[{"@type":"WebPage","@id":"https:\/\/www.minimalith.com\/fr\/nous-sommes-minimalith\/","url":"https:\/\/www.minimalith.com\/fr\/nous-sommes-minimalith\/","name":"Nous sommes Minimalith \u2013 Design minimaliste, produits artisanaux","isPartOf":{"@id":"https:\/\/www.minimalith.com\/fr\/#website"},"datePublished":"2024-10-04T21:49:18+00:00","dateModified":"2024-10-20T14:46:01+00:00","description":"Une marque de design minimaliste qui allie fonctionnalit\u00e9 et esth\u00e9tique. D\u00e9couvrez nos produits artisanaux et nos posters uniques pour d\u00e9corer votre int\u00e9rieur avec style.","breadcrumb":{"@id":"https:\/\/www.minimalith.com\/fr\/nous-sommes-minimalith\/#breadcrumb"},"inLanguage":"fr-FR","potentialAction":[{"@type":"ReadAction","target":["https:\/\/www.minimalith.com\/fr\/nous-sommes-minimalith\/"]}]},{"@type":"BreadcrumbList","@id":"https:\/\/www.minimalith.com\/fr\/nous-sommes-minimalith\/#breadcrumb","itemListElement":[{"@type":"ListItem","position":1,"name":"Home","item":"https:\/\/www.minimalith.com\/fr\/"},{"@type":"ListItem","position":2,"name":"Nous sommes Minimalith"}]},{"@type":"WebSite","@id":"https:\/\/www.minimalith.com\/fr\/#website","url":"https:\/\/www.minimalith.com\/fr\/","name":"MINIMALITH","description":"Minimalism to inspire your spaces","publisher":{"@id":"https:\/\/www.minimalith.com\/fr\/#organization"},"alternateName":"MINIMALITH","potentialAction":[{"@type":"SearchAction","target":{"@type":"EntryPoint","urlTemplate":"https:\/\/www.minimalith.com\/fr\/?s={search_term_string}"},"query-input":{"@type":"PropertyValueSpecification","valueRequired":true,"valueName":"search_term_string"}}],"inLanguage":"fr-FR"},{"@type":"Organization","@id":"https:\/\/www.minimalith.com\/fr\/#organization","name":"MINIMALITH","url":"https:\/\/www.minimalith.com\/fr\/","logo":{"@type":"ImageObject","inLanguage":"fr-FR","@id":"https:\/\/www.minimalith.com\/fr\/#\/schema\/logo\/image\/","url":"https:\/\/www.minimalith.com\/wp-content\/uploads\/2024\/10\/we-are-minimalith-preview.webp","contentUrl":"https:\/\/www.minimalith.com\/wp-content\/uploads\/2024\/10\/we-are-minimalith-preview.webp","width":1920,"height":750,"caption":"MINIMALITH"},"image":{"@id":"https:\/\/www.minimalith.com\/fr\/#\/schema\/logo\/image\/"}}]}},"jetpack_sharing_enabled":true,"_links":{"self":[{"href":"https:\/\/www.minimalith.com\/fr\/wp-json\/wp\/v2\/pages\/4864","targetHints":{"allow":["GET"]}}],"collection":[{"href":"https:\/\/www.minimalith.com\/fr\/wp-json\/wp\/v2\/pages"}],"about":[{"href":"https:\/\/www.minimalith.com\/fr\/wp-json\/wp\/v2\/types\/page"}],"author":[{"embeddable":true,"href":"https:\/\/www.minimalith.com\/fr\/wp-json\/wp\/v2\/users\/1"}],"replies":[{"embeddable":true,"href":"https:\/\/www.minimalith.com\/fr\/wp-json\/wp\/v2\/comments?post=4864"}],"version-history":[{"count":0,"href":"https:\/\/www.minimalith.com\/fr\/wp-json\/wp\/v2\/pages\/4864\/revisions"}],"wp:attachment":[{"href":"https:\/\/www.minimalith.com\/fr\/wp-json\/wp\/v2\/media?parent=4864"}],"curies":[{"name":"wp","href":"https:\/\/api.w.org\/{rel}","templated":true}]}}