{"id":5020,"date":"2018-08-22T08:50:17","date_gmt":"2018-08-22T06:50:17","guid":{"rendered":"https:\/\/www.minimalith.com\/politique-de-confidentialite\/"},"modified":"2024-10-21T22:47:35","modified_gmt":"2024-10-21T20:47:35","slug":"politique-de-confidentialite","status":"publish","type":"page","link":"https:\/\/www.minimalith.com\/fr\/politique-de-confidentialite\/","title":{"rendered":"Politique de confidentialit\u00e9"},"content":{"rendered":"\t\t<div data-elementor-type=\"wp-page\" data-elementor-id=\"5020\" class=\"elementor elementor-5020 elementor-3392\">\n\t\t\t\t<div class=\"elementor-element elementor-element-5726619f e-flex e-con-boxed e-con e-parent\" data-id=\"5726619f\" data-element_type=\"container\">\n\t\t\t\t\t<div class=\"e-con-inner\">\n\t\t\t\t<div class=\"elementor-element elementor-element-6a9c38ac elementor-widget elementor-widget-text-editor\" data-id=\"6a9c38ac\" data-element_type=\"widget\" data-widget_type=\"text-editor.default\">\n\t\t\t\t<div class=\"elementor-widget-container\">\n\t\t\t\t\t\t\t\t\t<h3><strong>Bienvenue chez Minimalith.<\/strong><\/h3>\n<p>Votre vie priv\u00e9e est de la plus haute importance pour nous. Cette politique de confidentialit\u00e9 d\u00e9crit comment nous recueillons, utilisons et prot\u00e9geons vos informations personnelles lorsque vous visitez ou effectuez un achat sur <a href=\"https:\/\/www.minimalith.com\/fr\/\"><strong>www.minimalith.com<\/strong><\/a>. <\/p>\n<h4><strong>Informations que nous recueillons<\/strong><\/h4>\n<p>Lorsque vous visitez notre site, nous recueillons automatiquement certaines informations sur votre appareil, notamment des informations sur votre navigateur Web, votre adresse IP, votre fuseau horaire et certains des cookies install\u00e9s sur votre appareil. De plus, lorsque vous naviguez sur le Site, nous recueillons des informations sur les pages Web ou les produits que vous consultez et des informations sur la fa\u00e7on dont vous interagissez avec le Site. <\/p>\n<h4><strong>Informations sur l\u2019appareil<\/strong><\/h4>\n<p>Il s\u2019agit notamment des donn\u00e9es techniques relatives \u00e0 votre appareil et \u00e0 votre connexion Internet.<br \/>&#8211; <strong>Informations sur la commande<\/strong> : Lorsque vous effectuez ou tentez d\u2019effectuer un achat, nous recueillons des informations telles que votre nom, votre adresse de facturation, votre adresse de livraison, vos informations de paiement (par exemple, votre num\u00e9ro de carte de cr\u00e9dit), votre adresse e-mail.<\/p>\n<h4><strong>Comment nous utilisons vos informations<\/strong><\/h4>\n<p>Nous utilisons les informations que nous recueillons pour fournir nos services, notamment :<br \/>&#8211; Le traitement de vos commandes et la gestion de la livraison des produits ;<br \/>&#8211; Communiquer avec vous pour le support client ou les mises \u00e0 jour des commandes ;<br \/>&#8211; Personnaliser et am\u00e9liorer votre exp\u00e9rience sur notre Site ;<br \/>&#8211; Assurer la s\u00e9curit\u00e9 de notre site et pr\u00e9venir la fraude.<\/p>\n<p>Nous ne partageons, ne vendons ou ne distribuons pas vos informations personnelles \u00e0 des tiers. Les informations recueillies sont utilis\u00e9es exclusivement aux fins n\u00e9cessaires \u00e0 la gestion de notre Site et de nos services. <\/p>\n<h4><strong>Cookies<\/strong><\/h4>\n<p>Notre Site utilise des cookies pour am\u00e9liorer votre exp\u00e9rience de navigation. Les cookies sont de petits fichiers texte qui sont stock\u00e9s sur votre appareil et qui nous aident \u00e0 identifier vos pr\u00e9f\u00e9rences et \u00e0 am\u00e9liorer nos services. Vous pouvez g\u00e9rer vos pr\u00e9f\u00e9rences en mati\u00e8re de cookies dans les param\u00e8tres de votre navigateur.  <\/p>\n<h4><strong>Droits de l\u2019utilisateur<\/strong><\/h4>\n<p>Si vous r\u00e9sidez en Europe, vous avez le droit d\u2019acc\u00e9der aux donn\u00e9es personnelles que nous d\u00e9tenons \u00e0 votre sujet et de demander des corrections, des mises \u00e0 jour ou des suppressions de ces donn\u00e9es. Si vous souhaitez exercer ce droit, veuillez nous contacter en utilisant les coordonn\u00e9es fournies ci-dessous. <\/p>\n<p>De plus, si vous r\u00e9sidez en Europe, nous notons que nous traitons vos informations pour ex\u00e9cuter les contrats que nous pourrions avoir avec vous (par exemple, si vous passez une commande via le Site) ou pour poursuivre nos int\u00e9r\u00eats commerciaux l\u00e9gitimes.<\/p>\n<h4><strong>Conservation des donn\u00e9es<\/strong><\/h4>\n<p>Nous conserverons vos renseignements personnels aussi longtemps que n\u00e9cessaire pour atteindre les objectifs pour lesquels ils ont \u00e9t\u00e9 recueillis, y compris \u00e0 des fins juridiques et comptables. Vous pouvez demander la suppression de vos informations personnelles en nous contactant. <\/p>\n<h4><strong>S\u00e9curit\u00e9 des donn\u00e9es<\/strong><\/h4>\n<p>Nous prenons des mesures de s\u00e9curit\u00e9 appropri\u00e9es pour prot\u00e9ger vos informations personnelles contre l\u2019acc\u00e8s, la divulgation, l\u2019alt\u00e9ration ou la destruction non autoris\u00e9s. Cependant, aucune m\u00e9thode de transmission sur Internet ou de stockage \u00e9lectronique n\u2019est totalement s\u00fbre, et nous ne pouvons pas garantir une s\u00e9curit\u00e9 absolue. <\/p>\n<h4><strong>Modifications de la pr\u00e9sente politique de confidentialit\u00e9<\/strong><\/h4>\n<p>Nous nous r\u00e9servons le droit de mettre \u00e0 jour cette politique de confidentialit\u00e9 de temps \u00e0 autre pour refl\u00e9ter les changements apport\u00e9s \u00e0 nos pratiques ou pour d\u2019autres raisons op\u00e9rationnelles, juridiques ou r\u00e9glementaires. Nous vous encourageons \u00e0 consulter cette page p\u00e9riodiquement pour toute mise \u00e0 jour. <\/p>\n<h4><strong>Contact<\/strong><\/h4>\n<p>Si vous avez des questions sur cette politique de confidentialit\u00e9 ou si vous souhaitez exercer l\u2019un de vos droits, veuillez nous contacter par e-mail \u00e0 <a href=\"mailto:info@minimalith.com\">l\u2019adresse info@minimalith.com<\/a>.<\/p>\n\t\t\t\t\t\t\t\t<\/div>\n\t\t\t\t<\/div>\n\t\t\t\t\t<\/div>\n\t\t\t\t<\/div>\n\t\t\t\t<\/div>\n\t\t","protected":false},"excerpt":{"rendered":"<p>Bienvenue chez Minimalith. Votre vie priv\u00e9e est de la plus haute importance pour nous. Cette politique de confidentialit\u00e9 d\u00e9crit comment nous recueillons, utilisons et prot\u00e9geons vos informations personnelles lorsque vous&hellip;<\/p>\n","protected":false},"author":1,"featured_media":0,"parent":0,"menu_order":0,"comment_status":"closed","ping_status":"closed","template":"","meta":{"footnotes":""},"class_list":["post-5020","page","type-page","status-publish","hentry"],"yoast_head":"<!-- This site is optimized with the Yoast SEO plugin v26.4 - https:\/\/yoast.com\/wordpress\/plugins\/seo\/ -->\n<title>Politique de confidentialit\u00e9 - minimalith<\/title>\n<meta name=\"robots\" content=\"index, follow, max-snippet:-1, max-image-preview:large, max-video-preview:-1\" \/>\n<link rel=\"canonical\" href=\"https:\/\/www.minimalith.com\/fr\/politique-de-confidentialite\/\" \/>\n<meta property=\"og:locale\" content=\"fr_FR\" \/>\n<meta property=\"og:type\" content=\"article\" \/>\n<meta property=\"og:title\" content=\"Politique de confidentialit\u00e9 - minimalith\" \/>\n<meta property=\"og:description\" content=\"Bienvenue chez Minimalith. Votre vie priv\u00e9e est de la plus haute importance pour nous. Cette politique de confidentialit\u00e9 d\u00e9crit comment nous recueillons, utilisons et prot\u00e9geons vos informations personnelles lorsque vous&hellip;\" \/>\n<meta property=\"og:url\" content=\"https:\/\/www.minimalith.com\/fr\/politique-de-confidentialite\/\" \/>\n<meta property=\"og:site_name\" content=\"minimalith\" \/>\n<meta property=\"article:modified_time\" content=\"2024-10-21T20:47:35+00:00\" \/>\n<meta property=\"og:image\" content=\"https:\/\/www.minimalith.com\/wp-content\/uploads\/2024\/10\/we-are-minimalith-preview.webp\" \/>\n\t<meta property=\"og:image:width\" content=\"1920\" \/>\n\t<meta property=\"og:image:height\" content=\"750\" \/>\n\t<meta property=\"og:image:type\" content=\"image\/webp\" \/>\n<meta name=\"twitter:card\" content=\"summary_large_image\" \/>\n<meta name=\"twitter:label1\" content=\"Dur\u00e9e de lecture estim\u00e9e\" \/>\n\t<meta name=\"twitter:data1\" content=\"3 minutes\" \/>\n<script type=\"application\/ld+json\" class=\"yoast-schema-graph\">{\"@context\":\"https:\/\/schema.org\",\"@graph\":[{\"@type\":\"WebPage\",\"@id\":\"https:\/\/www.minimalith.com\/fr\/politique-de-confidentialite\/\",\"url\":\"https:\/\/www.minimalith.com\/fr\/politique-de-confidentialite\/\",\"name\":\"Politique de confidentialit\u00e9 - minimalith\",\"isPartOf\":{\"@id\":\"https:\/\/www.minimalith.com\/fr\/#website\"},\"datePublished\":\"2018-08-22T06:50:17+00:00\",\"dateModified\":\"2024-10-21T20:47:35+00:00\",\"breadcrumb\":{\"@id\":\"https:\/\/www.minimalith.com\/fr\/politique-de-confidentialite\/#breadcrumb\"},\"inLanguage\":\"fr-FR\",\"potentialAction\":[{\"@type\":\"ReadAction\",\"target\":[\"https:\/\/www.minimalith.com\/fr\/politique-de-confidentialite\/\"]}]},{\"@type\":\"BreadcrumbList\",\"@id\":\"https:\/\/www.minimalith.com\/fr\/politique-de-confidentialite\/#breadcrumb\",\"itemListElement\":[{\"@type\":\"ListItem\",\"position\":1,\"name\":\"Home\",\"item\":\"https:\/\/www.minimalith.com\/fr\/\"},{\"@type\":\"ListItem\",\"position\":2,\"name\":\"Politique de confidentialit\u00e9\"}]},{\"@type\":\"WebSite\",\"@id\":\"https:\/\/www.minimalith.com\/fr\/#website\",\"url\":\"https:\/\/www.minimalith.com\/fr\/\",\"name\":\"MINIMALITH\",\"description\":\"Minimalism to inspire your spaces\",\"publisher\":{\"@id\":\"https:\/\/www.minimalith.com\/fr\/#organization\"},\"alternateName\":\"MINIMALITH\",\"potentialAction\":[{\"@type\":\"SearchAction\",\"target\":{\"@type\":\"EntryPoint\",\"urlTemplate\":\"https:\/\/www.minimalith.com\/fr\/?s={search_term_string}\"},\"query-input\":{\"@type\":\"PropertyValueSpecification\",\"valueRequired\":true,\"valueName\":\"search_term_string\"}}],\"inLanguage\":\"fr-FR\"},{\"@type\":\"Organization\",\"@id\":\"https:\/\/www.minimalith.com\/fr\/#organization\",\"name\":\"MINIMALITH\",\"url\":\"https:\/\/www.minimalith.com\/fr\/\",\"logo\":{\"@type\":\"ImageObject\",\"inLanguage\":\"fr-FR\",\"@id\":\"https:\/\/www.minimalith.com\/fr\/#\/schema\/logo\/image\/\",\"url\":\"https:\/\/www.minimalith.com\/wp-content\/uploads\/2024\/10\/we-are-minimalith-preview.webp\",\"contentUrl\":\"https:\/\/www.minimalith.com\/wp-content\/uploads\/2024\/10\/we-are-minimalith-preview.webp\",\"width\":1920,\"height\":750,\"caption\":\"MINIMALITH\"},\"image\":{\"@id\":\"https:\/\/www.minimalith.com\/fr\/#\/schema\/logo\/image\/\"}}]}<\/script>\n<!-- \/ Yoast SEO plugin. -->","yoast_head_json":{"title":"Politique de confidentialit\u00e9 - minimalith","robots":{"index":"index","follow":"follow","max-snippet":"max-snippet:-1","max-image-preview":"max-image-preview:large","max-video-preview":"max-video-preview:-1"},"canonical":"https:\/\/www.minimalith.com\/fr\/politique-de-confidentialite\/","og_locale":"fr_FR","og_type":"article","og_title":"Politique de confidentialit\u00e9 - minimalith","og_description":"Bienvenue chez Minimalith. Votre vie priv\u00e9e est de la plus haute importance pour nous. Cette politique de confidentialit\u00e9 d\u00e9crit comment nous recueillons, utilisons et prot\u00e9geons vos informations personnelles lorsque vous&hellip;","og_url":"https:\/\/www.minimalith.com\/fr\/politique-de-confidentialite\/","og_site_name":"minimalith","article_modified_time":"2024-10-21T20:47:35+00:00","og_image":[{"width":1920,"height":750,"url":"https:\/\/www.minimalith.com\/wp-content\/uploads\/2024\/10\/we-are-minimalith-preview.webp","type":"image\/webp"}],"twitter_card":"summary_large_image","twitter_misc":{"Dur\u00e9e de lecture estim\u00e9e":"3 minutes"},"schema":{"@context":"https:\/\/schema.org","@graph":[{"@type":"WebPage","@id":"https:\/\/www.minimalith.com\/fr\/politique-de-confidentialite\/","url":"https:\/\/www.minimalith.com\/fr\/politique-de-confidentialite\/","name":"Politique de confidentialit\u00e9 - minimalith","isPartOf":{"@id":"https:\/\/www.minimalith.com\/fr\/#website"},"datePublished":"2018-08-22T06:50:17+00:00","dateModified":"2024-10-21T20:47:35+00:00","breadcrumb":{"@id":"https:\/\/www.minimalith.com\/fr\/politique-de-confidentialite\/#breadcrumb"},"inLanguage":"fr-FR","potentialAction":[{"@type":"ReadAction","target":["https:\/\/www.minimalith.com\/fr\/politique-de-confidentialite\/"]}]},{"@type":"BreadcrumbList","@id":"https:\/\/www.minimalith.com\/fr\/politique-de-confidentialite\/#breadcrumb","itemListElement":[{"@type":"ListItem","position":1,"name":"Home","item":"https:\/\/www.minimalith.com\/fr\/"},{"@type":"ListItem","position":2,"name":"Politique de confidentialit\u00e9"}]},{"@type":"WebSite","@id":"https:\/\/www.minimalith.com\/fr\/#website","url":"https:\/\/www.minimalith.com\/fr\/","name":"MINIMALITH","description":"Minimalism to inspire your spaces","publisher":{"@id":"https:\/\/www.minimalith.com\/fr\/#organization"},"alternateName":"MINIMALITH","potentialAction":[{"@type":"SearchAction","target":{"@type":"EntryPoint","urlTemplate":"https:\/\/www.minimalith.com\/fr\/?s={search_term_string}"},"query-input":{"@type":"PropertyValueSpecification","valueRequired":true,"valueName":"search_term_string"}}],"inLanguage":"fr-FR"},{"@type":"Organization","@id":"https:\/\/www.minimalith.com\/fr\/#organization","name":"MINIMALITH","url":"https:\/\/www.minimalith.com\/fr\/","logo":{"@type":"ImageObject","inLanguage":"fr-FR","@id":"https:\/\/www.minimalith.com\/fr\/#\/schema\/logo\/image\/","url":"https:\/\/www.minimalith.com\/wp-content\/uploads\/2024\/10\/we-are-minimalith-preview.webp","contentUrl":"https:\/\/www.minimalith.com\/wp-content\/uploads\/2024\/10\/we-are-minimalith-preview.webp","width":1920,"height":750,"caption":"MINIMALITH"},"image":{"@id":"https:\/\/www.minimalith.com\/fr\/#\/schema\/logo\/image\/"}}]}},"jetpack_sharing_enabled":true,"_links":{"self":[{"href":"https:\/\/www.minimalith.com\/fr\/wp-json\/wp\/v2\/pages\/5020","targetHints":{"allow":["GET"]}}],"collection":[{"href":"https:\/\/www.minimalith.com\/fr\/wp-json\/wp\/v2\/pages"}],"about":[{"href":"https:\/\/www.minimalith.com\/fr\/wp-json\/wp\/v2\/types\/page"}],"author":[{"embeddable":true,"href":"https:\/\/www.minimalith.com\/fr\/wp-json\/wp\/v2\/users\/1"}],"replies":[{"embeddable":true,"href":"https:\/\/www.minimalith.com\/fr\/wp-json\/wp\/v2\/comments?post=5020"}],"version-history":[{"count":0,"href":"https:\/\/www.minimalith.com\/fr\/wp-json\/wp\/v2\/pages\/5020\/revisions"}],"wp:attachment":[{"href":"https:\/\/www.minimalith.com\/fr\/wp-json\/wp\/v2\/media?parent=5020"}],"curies":[{"name":"wp","href":"https:\/\/api.w.org\/{rel}","templated":true}]}}