{"id":4923,"date":"2024-09-26T01:18:48","date_gmt":"2024-09-25T23:18:48","guid":{"rendered":"https:\/\/www.minimalith.com\/non%20class\u00e9\/creche-en-bois-minimaliste\/"},"modified":"2025-10-22T23:09:18","modified_gmt":"2025-10-22T21:09:18","slug":"creche-en-bois-minimaliste","status":"publish","type":"product","link":"https:\/\/www.minimalith.com\/fr\/produit-artisanal-minimaliste\/creche-en-bois-minimaliste\/","title":{"rendered":"Cr\u00e8che en bois minimaliste"},"content":{"rendered":"\t\t<div data-elementor-type=\"wp-post\" data-elementor-id=\"4923\" class=\"elementor elementor-4923 elementor-3298\">\n\t\t\t\t<div class=\"elementor-element elementor-element-6c8fb33e e-flex e-con-boxed e-con e-parent\" data-id=\"6c8fb33e\" data-element_type=\"container\">\n\t\t\t\t\t<div class=\"e-con-inner\">\n\t\t\t\t<div class=\"elementor-element elementor-element-3ae828b1 elementor-widget elementor-widget-text-editor\" data-id=\"3ae828b1\" data-element_type=\"widget\" data-widget_type=\"text-editor.default\">\n\t\t\t\t<div class=\"elementor-widget-container\">\n\t\t\t\t\t\t\t\t\t<p>La <strong>cr\u00e8che minimale<\/strong> est une <strong>interpr\u00e9tation moderne<\/strong> de la <strong>cr\u00e8che<\/strong> traditionnelle, con\u00e7ue non seulement comme une <strong>d\u00e9coration de vacances<\/strong> , mais aussi comme une <strong>pi\u00e8ce de design<\/strong> pour enrichir votre <strong>maison<\/strong> tout au long de l\u2019ann\u00e9e. Fabriqu\u00e9 avec <strong>des mat\u00e9riaux haut de gamme<\/strong> comme <strong>le noyer daniela et le<\/strong> <strong>bois de tulipe<\/strong>, chaque pi\u00e8ce pr\u00e9sente des <strong>lignes \u00e9pur\u00e9es<\/strong> qui cr\u00e9ent une atmosph\u00e8re de <strong>s\u00e9r\u00e9nit\u00e9<\/strong> et <strong>d\u2019\u00e9l\u00e9gance<\/strong>, parfaite pour les amateurs de <strong>design d\u2019int\u00e9rieur minimaliste<\/strong>. <\/p><p>Les <strong>figures stylis\u00e9es<\/strong> de la Nativit\u00e9 sont trait\u00e9es avec un <strong>vernis satin\u00e9<\/strong>, formul\u00e9 pour <strong>durer dans le temps<\/strong>, en pr\u00e9servant la <strong>beaut\u00e9 naturelle<\/strong> du bois. Chaque pi\u00e8ce est <strong>fabriqu\u00e9e \u00e0 la main<\/strong> avec soin, ce qui la rend <strong>unique<\/strong>, avec <strong>de l\u00e9g\u00e8res irr\u00e9gularit\u00e9s<\/strong> typiques du <strong>bois naturel<\/strong>, renfor\u00e7ant son <strong>authenticit\u00e9<\/strong> et son <strong>caract\u00e8re<\/strong>. <\/p><p>Parfait comme <strong>d\u00e9coration<\/strong> ou comme <strong>cadeau design<\/strong>, ce <strong>service de nativit\u00e9 minimaliste<\/strong> trouve un \u00e9quilibre entre <strong>tradition<\/strong> et <strong>modernit\u00e9<\/strong>, apportant un style <strong>raffin\u00e9<\/strong> et <strong>durable<\/strong> dans votre maison.<\/p>\t\t\t\t\t\t\t\t<\/div>\n\t\t\t\t<\/div>\n\t\t\t\t\t<\/div>\n\t\t\t\t<\/div>\n\t\t<div class=\"elementor-element elementor-element-b08d156 e-flex e-con-boxed e-con e-parent\" data-id=\"b08d156\" data-element_type=\"container\">\n\t\t\t\t\t<div class=\"e-con-inner\">\n\t\t\t\t<div class=\"elementor-element elementor-element-b388ce0 elementor-widget elementor-widget-video\" data-id=\"b388ce0\" data-element_type=\"widget\" data-settings=\"{&quot;youtube_url&quot;:&quot;https:\\\/\\\/youtu.be\\\/1vjCH2LccZw&quot;,&quot;lazy_load&quot;:&quot;yes&quot;,&quot;show_image_overlay&quot;:&quot;yes&quot;,&quot;image_overlay&quot;:{&quot;url&quot;:&quot;https:\\\/\\\/www.minimalith.com\\\/wp-content\\\/uploads\\\/2024\\\/09\\\/minimalith-preview-video.webp&quot;,&quot;id&quot;:5129,&quot;size&quot;:&quot;&quot;,&quot;alt&quot;:&quot;&quot;,&quot;source&quot;:&quot;library&quot;},&quot;loop&quot;:&quot;yes&quot;,&quot;video_type&quot;:&quot;youtube&quot;,&quot;controls&quot;:&quot;yes&quot;}\" data-widget_type=\"video.default\">\n\t\t\t\t<div class=\"elementor-widget-container\">\n\t\t\t\t\t\t\t<div class=\"elementor-wrapper elementor-open-inline\">\n\t\t\t<div class=\"elementor-video\"><\/div>\t\t\t\t<div class=\"elementor-custom-embed-image-overlay\" style=\"background-image: url(https:\/\/www.minimalith.com\/wp-content\/uploads\/2024\/09\/minimalith-preview-video.webp);\">\n\t\t\t\t\t\t\t\t\t\t\t\t\t\t\t\t<div class=\"elementor-custom-embed-play\" role=\"button\" aria-label=\"Lire la vid\u00e9o\" tabindex=\"0\">\n\t\t\t\t\t\t\t<svg aria-hidden=\"true\" class=\"e-font-icon-svg e-eicon-play\" viewBox=\"0 0 1000 1000\" xmlns=\"http:\/\/www.w3.org\/2000\/svg\"><path d=\"M838 162C746 71 633 25 500 25 371 25 258 71 163 162 71 254 25 367 25 500 25 633 71 746 163 837 254 929 367 979 500 979 633 979 746 933 838 837 929 746 975 633 975 500 975 367 929 254 838 162M808 192C892 279 933 379 933 500 933 621 892 725 808 808 725 892 621 938 500 938 379 938 279 896 196 808 113 725 67 621 67 500 67 379 108 279 196 192 279 108 383 62 500 62 621 62 721 108 808 192M438 392V642L642 517 438 392Z\"><\/path><\/svg>\t\t\t\t\t\t<\/div>\n\t\t\t\t\t\t\t\t\t<\/div>\n\t\t\t\t\t<\/div>\n\t\t\t\t\t\t<\/div>\n\t\t\t\t<\/div>\n\t\t\t\t\t<\/div>\n\t\t\t\t<\/div>\n\t\t\t\t<\/div>\n\t\t","protected":false},"excerpt":{"rendered":"<p>La Cr\u00e8che Minimaliste est une interpr\u00e9tation moderne de la traditionnelle Nativit\u00e9, con\u00e7ue non seulement comme d\u00e9coration de f\u00eate, mais \u00e9galement comme objet de design pour d\u00e9corer votre maison tout au long de l&rsquo;ann\u00e9e. Fabriqu\u00e9 avec des mat\u00e9riaux de qualit\u00e9 comme le noyer daniela et le bois de tulipier, chaque pi\u00e8ce pr\u00e9sente des lignes \u00e9pur\u00e9es qui cr\u00e9ent une atmosph\u00e8re de s\u00e9r\u00e9nit\u00e9 et d&rsquo;\u00e9l\u00e9gance, id\u00e9ale pour les amateurs de design d&rsquo;int\u00e9rieur minimaliste.  <\/p>\n","protected":false},"featured_media":5262,"comment_status":"open","ping_status":"closed","template":"","meta":[],"product_brand":[],"product_cat":[225],"product_tag":[323,325,324,327,326,328,329,322],"class_list":{"0":"post-4923","1":"product","2":"type-product","3":"status-publish","4":"has-post-thumbnail","6":"product_cat-produit-artisanal-minimaliste","7":"product_tag-creche-artisanale","8":"product_tag-creche-en-bois","9":"product_tag-creche-moderne","10":"product_tag-creche-simple","11":"product_tag-decor-de-noel-minimaliste","12":"product_tag-decor-minimaliste-de-noel","13":"product_tag-decoration-interieure-minimale","14":"product_tag-nativite-minimale","16":"first","17":"onbackorder","18":"purchasable","19":"product-type-variable"},"yoast_head":"<!-- This site is optimized with the Yoast SEO plugin v26.4 - https:\/\/yoast.com\/wordpress\/plugins\/seo\/ -->\n<title>Cr\u00e8che minimaliste en bois | D\u00e9coration de No\u00ebl artisanale<\/title>\n<meta name=\"description\" content=\"Rehaussez votre d\u00e9cor des F\u00eates avec notre ensemble de cr\u00e8che en bois minimaliste. Fabriqu\u00e9 \u00e0 la main avec soin, il est parfait pour les d\u00e9corations de No\u00ebl modernes et intemporelles\" \/>\n<meta name=\"robots\" content=\"index, follow, max-snippet:-1, max-image-preview:large, max-video-preview:-1\" \/>\n<link rel=\"canonical\" href=\"https:\/\/www.minimalith.com\/fr\/produit-artisanal-minimaliste\/creche-en-bois-minimaliste\/\" \/>\n<meta property=\"og:locale\" content=\"fr_FR\" \/>\n<meta property=\"og:type\" content=\"article\" \/>\n<meta property=\"og:title\" content=\"Cr\u00e8che minimaliste en bois | D\u00e9coration de No\u00ebl artisanale\" \/>\n<meta property=\"og:description\" content=\"Rehaussez votre d\u00e9cor des F\u00eates avec notre ensemble de cr\u00e8che en bois minimaliste. Fabriqu\u00e9 \u00e0 la main avec soin, il est parfait pour les d\u00e9corations de No\u00ebl modernes et intemporelles\" \/>\n<meta property=\"og:url\" content=\"https:\/\/www.minimalith.com\/fr\/produit-artisanal-minimaliste\/creche-en-bois-minimaliste\/\" \/>\n<meta property=\"og:site_name\" content=\"minimalith\" \/>\n<meta property=\"article:modified_time\" content=\"2025-10-22T21:09:18+00:00\" \/>\n<meta property=\"og:image\" content=\"https:\/\/www.minimalith.com\/wp-content\/uploads\/2024\/10\/minimal-nativity-set-dark.webp\" \/>\n\t<meta property=\"og:image:width\" content=\"1400\" \/>\n\t<meta property=\"og:image:height\" content=\"1600\" \/>\n\t<meta property=\"og:image:type\" content=\"image\/webp\" \/>\n<meta name=\"twitter:card\" content=\"summary_large_image\" \/>\n<meta name=\"twitter:label1\" content=\"Dur\u00e9e de lecture estim\u00e9e\" \/>\n\t<meta name=\"twitter:data1\" content=\"1 minute\" \/>\n<script type=\"application\/ld+json\" class=\"yoast-schema-graph\">{\"@context\":\"https:\/\/schema.org\",\"@graph\":[{\"@type\":\"WebPage\",\"@id\":\"https:\/\/www.minimalith.com\/fr\/produit-artisanal-minimaliste\/creche-en-bois-minimaliste\/\",\"url\":\"https:\/\/www.minimalith.com\/fr\/produit-artisanal-minimaliste\/creche-en-bois-minimaliste\/\",\"name\":\"Cr\u00e8che minimaliste en bois | D\u00e9coration de No\u00ebl artisanale\",\"isPartOf\":{\"@id\":\"https:\/\/www.minimalith.com\/fr\/#website\"},\"primaryImageOfPage\":{\"@id\":\"https:\/\/www.minimalith.com\/fr\/produit-artisanal-minimaliste\/creche-en-bois-minimaliste\/#primaryimage\"},\"image\":{\"@id\":\"https:\/\/www.minimalith.com\/fr\/produit-artisanal-minimaliste\/creche-en-bois-minimaliste\/#primaryimage\"},\"thumbnailUrl\":\"https:\/\/www.minimalith.com\/wp-content\/uploads\/2024\/10\/minimal-nativity-set-dark.webp\",\"datePublished\":\"2024-09-25T23:18:48+00:00\",\"dateModified\":\"2025-10-22T21:09:18+00:00\",\"description\":\"Rehaussez votre d\u00e9cor des F\u00eates avec notre ensemble de cr\u00e8che en bois minimaliste. Fabriqu\u00e9 \u00e0 la main avec soin, il est parfait pour les d\u00e9corations de No\u00ebl modernes et intemporelles\",\"breadcrumb\":{\"@id\":\"https:\/\/www.minimalith.com\/fr\/produit-artisanal-minimaliste\/creche-en-bois-minimaliste\/#breadcrumb\"},\"inLanguage\":\"fr-FR\",\"potentialAction\":[{\"@type\":\"ReadAction\",\"target\":[\"https:\/\/www.minimalith.com\/fr\/produit-artisanal-minimaliste\/creche-en-bois-minimaliste\/\"]}]},{\"@type\":\"ImageObject\",\"inLanguage\":\"fr-FR\",\"@id\":\"https:\/\/www.minimalith.com\/fr\/produit-artisanal-minimaliste\/creche-en-bois-minimaliste\/#primaryimage\",\"url\":\"https:\/\/www.minimalith.com\/wp-content\/uploads\/2024\/10\/minimal-nativity-set-dark.webp\",\"contentUrl\":\"https:\/\/www.minimalith.com\/wp-content\/uploads\/2024\/10\/minimal-nativity-set-dark.webp\",\"width\":1400,\"height\":1600,\"caption\":\"Contemporary minimalist Nativity set - Sleek wooden Nativity figures in modern style\"},{\"@type\":\"BreadcrumbList\",\"@id\":\"https:\/\/www.minimalith.com\/fr\/produit-artisanal-minimaliste\/creche-en-bois-minimaliste\/#breadcrumb\",\"itemListElement\":[{\"@type\":\"ListItem\",\"position\":1,\"name\":\"Home\",\"item\":\"https:\/\/www.minimalith.com\/fr\/\"},{\"@type\":\"ListItem\",\"position\":2,\"name\":\"Boutique\",\"item\":\"https:\/\/www.minimalith.com\/fr\/boutique\/\"},{\"@type\":\"ListItem\",\"position\":3,\"name\":\"Cr\u00e8che en bois minimaliste\"}]},{\"@type\":\"WebSite\",\"@id\":\"https:\/\/www.minimalith.com\/fr\/#website\",\"url\":\"https:\/\/www.minimalith.com\/fr\/\",\"name\":\"MINIMALITH\",\"description\":\"Minimalism to inspire your spaces\",\"publisher\":{\"@id\":\"https:\/\/www.minimalith.com\/fr\/#organization\"},\"alternateName\":\"MINIMALITH\",\"potentialAction\":[{\"@type\":\"SearchAction\",\"target\":{\"@type\":\"EntryPoint\",\"urlTemplate\":\"https:\/\/www.minimalith.com\/fr\/?s={search_term_string}\"},\"query-input\":{\"@type\":\"PropertyValueSpecification\",\"valueRequired\":true,\"valueName\":\"search_term_string\"}}],\"inLanguage\":\"fr-FR\"},{\"@type\":\"Organization\",\"@id\":\"https:\/\/www.minimalith.com\/fr\/#organization\",\"name\":\"MINIMALITH\",\"url\":\"https:\/\/www.minimalith.com\/fr\/\",\"logo\":{\"@type\":\"ImageObject\",\"inLanguage\":\"fr-FR\",\"@id\":\"https:\/\/www.minimalith.com\/fr\/#\/schema\/logo\/image\/\",\"url\":\"https:\/\/www.minimalith.com\/wp-content\/uploads\/2024\/10\/we-are-minimalith-preview.webp\",\"contentUrl\":\"https:\/\/www.minimalith.com\/wp-content\/uploads\/2024\/10\/we-are-minimalith-preview.webp\",\"width\":1920,\"height\":750,\"caption\":\"MINIMALITH\"},\"image\":{\"@id\":\"https:\/\/www.minimalith.com\/fr\/#\/schema\/logo\/image\/\"}}]}<\/script>\n<!-- \/ Yoast SEO plugin. -->","yoast_head_json":{"title":"Cr\u00e8che minimaliste en bois | D\u00e9coration de No\u00ebl artisanale","description":"Rehaussez votre d\u00e9cor des F\u00eates avec notre ensemble de cr\u00e8che en bois minimaliste. Fabriqu\u00e9 \u00e0 la main avec soin, il est parfait pour les d\u00e9corations de No\u00ebl modernes et intemporelles","robots":{"index":"index","follow":"follow","max-snippet":"max-snippet:-1","max-image-preview":"max-image-preview:large","max-video-preview":"max-video-preview:-1"},"canonical":"https:\/\/www.minimalith.com\/fr\/produit-artisanal-minimaliste\/creche-en-bois-minimaliste\/","og_locale":"fr_FR","og_type":"article","og_title":"Cr\u00e8che minimaliste en bois | D\u00e9coration de No\u00ebl artisanale","og_description":"Rehaussez votre d\u00e9cor des F\u00eates avec notre ensemble de cr\u00e8che en bois minimaliste. Fabriqu\u00e9 \u00e0 la main avec soin, il est parfait pour les d\u00e9corations de No\u00ebl modernes et intemporelles","og_url":"https:\/\/www.minimalith.com\/fr\/produit-artisanal-minimaliste\/creche-en-bois-minimaliste\/","og_site_name":"minimalith","article_modified_time":"2025-10-22T21:09:18+00:00","og_image":[{"width":1400,"height":1600,"url":"https:\/\/www.minimalith.com\/wp-content\/uploads\/2024\/10\/minimal-nativity-set-dark.webp","type":"image\/webp"}],"twitter_card":"summary_large_image","twitter_misc":{"Dur\u00e9e de lecture estim\u00e9e":"1 minute"},"schema":{"@context":"https:\/\/schema.org","@graph":[{"@type":"WebPage","@id":"https:\/\/www.minimalith.com\/fr\/produit-artisanal-minimaliste\/creche-en-bois-minimaliste\/","url":"https:\/\/www.minimalith.com\/fr\/produit-artisanal-minimaliste\/creche-en-bois-minimaliste\/","name":"Cr\u00e8che minimaliste en bois | D\u00e9coration de No\u00ebl artisanale","isPartOf":{"@id":"https:\/\/www.minimalith.com\/fr\/#website"},"primaryImageOfPage":{"@id":"https:\/\/www.minimalith.com\/fr\/produit-artisanal-minimaliste\/creche-en-bois-minimaliste\/#primaryimage"},"image":{"@id":"https:\/\/www.minimalith.com\/fr\/produit-artisanal-minimaliste\/creche-en-bois-minimaliste\/#primaryimage"},"thumbnailUrl":"https:\/\/www.minimalith.com\/wp-content\/uploads\/2024\/10\/minimal-nativity-set-dark.webp","datePublished":"2024-09-25T23:18:48+00:00","dateModified":"2025-10-22T21:09:18+00:00","description":"Rehaussez votre d\u00e9cor des F\u00eates avec notre ensemble de cr\u00e8che en bois minimaliste. Fabriqu\u00e9 \u00e0 la main avec soin, il est parfait pour les d\u00e9corations de No\u00ebl modernes et intemporelles","breadcrumb":{"@id":"https:\/\/www.minimalith.com\/fr\/produit-artisanal-minimaliste\/creche-en-bois-minimaliste\/#breadcrumb"},"inLanguage":"fr-FR","potentialAction":[{"@type":"ReadAction","target":["https:\/\/www.minimalith.com\/fr\/produit-artisanal-minimaliste\/creche-en-bois-minimaliste\/"]}]},{"@type":"ImageObject","inLanguage":"fr-FR","@id":"https:\/\/www.minimalith.com\/fr\/produit-artisanal-minimaliste\/creche-en-bois-minimaliste\/#primaryimage","url":"https:\/\/www.minimalith.com\/wp-content\/uploads\/2024\/10\/minimal-nativity-set-dark.webp","contentUrl":"https:\/\/www.minimalith.com\/wp-content\/uploads\/2024\/10\/minimal-nativity-set-dark.webp","width":1400,"height":1600,"caption":"Contemporary minimalist Nativity set - Sleek wooden Nativity figures in modern style"},{"@type":"BreadcrumbList","@id":"https:\/\/www.minimalith.com\/fr\/produit-artisanal-minimaliste\/creche-en-bois-minimaliste\/#breadcrumb","itemListElement":[{"@type":"ListItem","position":1,"name":"Home","item":"https:\/\/www.minimalith.com\/fr\/"},{"@type":"ListItem","position":2,"name":"Boutique","item":"https:\/\/www.minimalith.com\/fr\/boutique\/"},{"@type":"ListItem","position":3,"name":"Cr\u00e8che en bois minimaliste"}]},{"@type":"WebSite","@id":"https:\/\/www.minimalith.com\/fr\/#website","url":"https:\/\/www.minimalith.com\/fr\/","name":"MINIMALITH","description":"Minimalism to inspire your spaces","publisher":{"@id":"https:\/\/www.minimalith.com\/fr\/#organization"},"alternateName":"MINIMALITH","potentialAction":[{"@type":"SearchAction","target":{"@type":"EntryPoint","urlTemplate":"https:\/\/www.minimalith.com\/fr\/?s={search_term_string}"},"query-input":{"@type":"PropertyValueSpecification","valueRequired":true,"valueName":"search_term_string"}}],"inLanguage":"fr-FR"},{"@type":"Organization","@id":"https:\/\/www.minimalith.com\/fr\/#organization","name":"MINIMALITH","url":"https:\/\/www.minimalith.com\/fr\/","logo":{"@type":"ImageObject","inLanguage":"fr-FR","@id":"https:\/\/www.minimalith.com\/fr\/#\/schema\/logo\/image\/","url":"https:\/\/www.minimalith.com\/wp-content\/uploads\/2024\/10\/we-are-minimalith-preview.webp","contentUrl":"https:\/\/www.minimalith.com\/wp-content\/uploads\/2024\/10\/we-are-minimalith-preview.webp","width":1920,"height":750,"caption":"MINIMALITH"},"image":{"@id":"https:\/\/www.minimalith.com\/fr\/#\/schema\/logo\/image\/"}}]}},"jetpack_sharing_enabled":true,"_links":{"self":[{"href":"https:\/\/www.minimalith.com\/fr\/wp-json\/wp\/v2\/product\/4923","targetHints":{"allow":["GET"]}}],"collection":[{"href":"https:\/\/www.minimalith.com\/fr\/wp-json\/wp\/v2\/product"}],"about":[{"href":"https:\/\/www.minimalith.com\/fr\/wp-json\/wp\/v2\/types\/product"}],"replies":[{"embeddable":true,"href":"https:\/\/www.minimalith.com\/fr\/wp-json\/wp\/v2\/comments?post=4923"}],"version-history":[{"count":2,"href":"https:\/\/www.minimalith.com\/fr\/wp-json\/wp\/v2\/product\/4923\/revisions"}],"predecessor-version":[{"id":6075,"href":"https:\/\/www.minimalith.com\/fr\/wp-json\/wp\/v2\/product\/4923\/revisions\/6075"}],"wp:featuredmedia":[{"embeddable":true,"href":"https:\/\/www.minimalith.com\/fr\/wp-json\/wp\/v2\/media\/5262"}],"wp:attachment":[{"href":"https:\/\/www.minimalith.com\/fr\/wp-json\/wp\/v2\/media?parent=4923"}],"wp:term":[{"taxonomy":"product_brand","embeddable":true,"href":"https:\/\/www.minimalith.com\/fr\/wp-json\/wp\/v2\/product_brand?post=4923"},{"taxonomy":"product_cat","embeddable":true,"href":"https:\/\/www.minimalith.com\/fr\/wp-json\/wp\/v2\/product_cat?post=4923"},{"taxonomy":"product_tag","embeddable":true,"href":"https:\/\/www.minimalith.com\/fr\/wp-json\/wp\/v2\/product_tag?post=4923"}],"curies":[{"name":"wp","href":"https:\/\/api.w.org\/{rel}","templated":true}]}}